{"id":9685,"date":"2022-08-09T14:23:52","date_gmt":"2022-08-09T14:23:52","guid":{"rendered":"https:\/\/nishane.com\/?post_type=product&#038;p=9685"},"modified":"2026-03-03T14:17:45","modified_gmt":"2026-03-03T14:17:45","slug":"discovery-set-time-capsule-collection","status":"publish","type":"product","link":"https:\/\/nishane.com\/fr\/produit\/discovery-set-time-capsule-collection\/","title":{"rendered":"COFFRET D\u00c9COUVERTE<br>TIME CAPSULE COLLECTION"},"content":{"rendered":"","protected":false},"excerpt":{"rendered":"<div id=\"comp-kkmjzcsl\" class=\"_1Q9if _3bcaz\" data-testid=\"richTextElement\">\n<p class=\"font_8\"><strong><span class=\"color_12\">Contient un \u00e9chantillon 2ml des parfums suivants :<br \/>\n<\/span><\/strong><span class=\"color_12\">PAPILEFIKO &#8211; TEMPFLUO &#8211; TERO &#8211; <\/span><span class=\"color_12\">KREDO<\/span><span class=\"color_12\"> &#8211; DEZIRO<\/span><\/p>\n<p class=\"font_8\">Red\u00e9couvrez le r\u00eave d'une humanit\u00e9 nouvelle \u00e0 travers les cr\u00e9ations de la Time Capsule Collection.<\/p>\n<\/div>\n<div id=\"comp-kkmjzcsh\" class=\"_2Hij5 _3bcaz\" data-testid=\"richTextElement\">\n<p class=\"font_8\"><strong><span class=\"color_12\">Extrait de Parfum<br \/>\n<\/span><\/strong><span class=\"color_12\">5&#215;2 ml \u212e 5&#215;0.067 FL.OZ. SPRAY<\/span><\/p>\n<\/div>","protected":false},"featured_media":24810,"comment_status":"closed","ping_status":"closed","template":"","meta":[],"product_brand":[],"product_cat":[112,72,79],"product_tag":[177],"class_list":{"0":"post-9685","1":"product","2":"type-product","3":"status-publish","4":"has-post-thumbnail","6":"product_cat-discovery","7":"product_cat-perfumes","8":"product_cat-time-capsule-collection","9":"product_tag-time-capsule-collection","11":"first","12":"instock","13":"taxable","14":"shipping-taxable","15":"purchasable","16":"product-type-simple"},"_links":{"self":[{"href":"https:\/\/nishane.com\/fr\/wp-json\/wp\/v2\/product\/9685","targetHints":{"allow":["GET"]}}],"collection":[{"href":"https:\/\/nishane.com\/fr\/wp-json\/wp\/v2\/product"}],"about":[{"href":"https:\/\/nishane.com\/fr\/wp-json\/wp\/v2\/types\/product"}],"replies":[{"embeddable":true,"href":"https:\/\/nishane.com\/fr\/wp-json\/wp\/v2\/comments?post=9685"}],"version-history":[{"count":7,"href":"https:\/\/nishane.com\/fr\/wp-json\/wp\/v2\/product\/9685\/revisions"}],"predecessor-version":[{"id":24813,"href":"https:\/\/nishane.com\/fr\/wp-json\/wp\/v2\/product\/9685\/revisions\/24813"}],"wp:featuredmedia":[{"embeddable":true,"href":"https:\/\/nishane.com\/fr\/wp-json\/wp\/v2\/media\/24810"}],"wp:attachment":[{"href":"https:\/\/nishane.com\/fr\/wp-json\/wp\/v2\/media?parent=9685"}],"wp:term":[{"taxonomy":"product_brand","embeddable":true,"href":"https:\/\/nishane.com\/fr\/wp-json\/wp\/v2\/product_brand?post=9685"},{"taxonomy":"product_cat","embeddable":true,"href":"https:\/\/nishane.com\/fr\/wp-json\/wp\/v2\/product_cat?post=9685"},{"taxonomy":"product_tag","embeddable":true,"href":"https:\/\/nishane.com\/fr\/wp-json\/wp\/v2\/product_tag?post=9685"}],"curies":[{"name":"wp","href":"https:\/\/api.w.org\/{rel}","templated":true}]}}