{"id":9465,"date":"2022-08-15T10:54:57","date_gmt":"2022-08-15T10:54:57","guid":{"rendered":"https:\/\/nishane.com\/?post_type=product&#038;p=9465"},"modified":"2026-03-06T10:54:05","modified_gmt":"2026-03-06T10:54:05","slug":"wulong-cha-hacivat-travel-set","status":"publish","type":"product","link":"https:\/\/nishane.com\/fr\/produit\/wulong-cha-hacivat-travel-set\/","title":{"rendered":"W\u016aL\u00d3NG CH\u00c1 &#038; HACIVAT<br>COFFRET VOYAGE"},"content":{"rendered":"","protected":false},"excerpt":{"rendered":"<p class=\"font_8\"><span class=\"color_12\">Contient un flacon nomade 15ml des parfums suivants :\u00a0<\/span><\/p>\n<p class=\"font_8\"><strong><span class=\"color_12\">W\u016aL\u00d3NG CH\u00c1 &amp; HACIVAT<\/span><\/strong><\/p>\n<p>2&#215;15 ml \u212e 2&#215;0.51 FL.OZ. SPRAY<\/p>","protected":false},"featured_media":9846,"comment_status":"closed","ping_status":"closed","template":"","meta":[],"product_brand":[],"product_cat":[111,117],"product_tag":[],"class_list":{"0":"post-9465","1":"product","2":"type-product","3":"status-publish","4":"has-post-thumbnail","6":"product_cat-travel","7":"product_cat-travel-sets","9":"first","10":"instock","11":"taxable","12":"shipping-taxable","13":"purchasable","14":"product-type-simple"},"_links":{"self":[{"href":"https:\/\/nishane.com\/fr\/wp-json\/wp\/v2\/product\/9465","targetHints":{"allow":["GET"]}}],"collection":[{"href":"https:\/\/nishane.com\/fr\/wp-json\/wp\/v2\/product"}],"about":[{"href":"https:\/\/nishane.com\/fr\/wp-json\/wp\/v2\/types\/product"}],"replies":[{"embeddable":true,"href":"https:\/\/nishane.com\/fr\/wp-json\/wp\/v2\/comments?post=9465"}],"version-history":[{"count":4,"href":"https:\/\/nishane.com\/fr\/wp-json\/wp\/v2\/product\/9465\/revisions"}],"predecessor-version":[{"id":26825,"href":"https:\/\/nishane.com\/fr\/wp-json\/wp\/v2\/product\/9465\/revisions\/26825"}],"wp:featuredmedia":[{"embeddable":true,"href":"https:\/\/nishane.com\/fr\/wp-json\/wp\/v2\/media\/9846"}],"wp:attachment":[{"href":"https:\/\/nishane.com\/fr\/wp-json\/wp\/v2\/media?parent=9465"}],"wp:term":[{"taxonomy":"product_brand","embeddable":true,"href":"https:\/\/nishane.com\/fr\/wp-json\/wp\/v2\/product_brand?post=9465"},{"taxonomy":"product_cat","embeddable":true,"href":"https:\/\/nishane.com\/fr\/wp-json\/wp\/v2\/product_cat?post=9465"},{"taxonomy":"product_tag","embeddable":true,"href":"https:\/\/nishane.com\/fr\/wp-json\/wp\/v2\/product_tag?post=9465"}],"curies":[{"name":"wp","href":"https:\/\/api.w.org\/{rel}","templated":true}]}}