{"id":9455,"date":"2022-08-14T10:47:03","date_gmt":"2022-08-14T10:47:03","guid":{"rendered":"https:\/\/nishane.com\/?post_type=product&#038;p=9455"},"modified":"2026-03-03T14:40:21","modified_gmt":"2026-03-03T14:40:21","slug":"tuberoza-hair-perfume","status":"publish","type":"product","link":"https:\/\/nishane.com\/fr\/produit\/tuberoza-hair-perfume\/","title":{"rendered":"TUBER\u00d3ZA <br> PARFUM POUR CHEVEUX"},"content":{"rendered":"<div data-elementor-type=\"wp-post\" data-elementor-id=\"9455\" class=\"elementor elementor-9455\">\n\t\t\t\t\t\t<section class=\"wd-negative-gap elementor-section elementor-top-section elementor-element elementor-element-a893b54 elementor-section-boxed elementor-section-height-default elementor-section-height-default\" data-id=\"a893b54\" data-element_type=\"section\" data-e-type=\"section\">\n\t\t\t\t\t\t<div class=\"elementor-container elementor-column-gap-default\">\n\t\t\t\t\t<div class=\"elementor-column elementor-col-100 elementor-top-column elementor-element elementor-element-7be6333\" data-id=\"7be6333\" data-element_type=\"column\" data-e-type=\"column\">\n\t\t\t<div class=\"elementor-widget-wrap elementor-element-populated\">\n\t\t\t\t\t\t<div class=\"elementor-element elementor-element-2d848eb elementor-widget elementor-widget-wd_accordion\" data-id=\"2d848eb\" data-element_type=\"widget\" data-e-type=\"widget\" data-widget_type=\"wd_accordion.default\">\n\t\t\t\t<div class=\"elementor-widget-container\">\n\t\t\t\t\t\n\t\t<div class=\"wd-accordion wd-style-shadow wd-titles-left wd-opener-pos-left wd-opener-style-arrow\" data-state=\"first\">\n\t\t\t\t\t\t\t\n\t\t\t\t<div class=\"wd-accordion-item\">\n\t\t\t\t\t<div class=\"wd-accordion-title wd-role-btn wd-active\" data-accordion-index=\"0\" tabindex=\"0\">\n\t\t\t\t\t\t<div class=\"wd-accordion-title-text\">\n\t\t\t\t\t\t\t\t\t\t\t\t\t\t<span>\n\t\t\t\t\t\t\t\tPANTH\u00c9NOL\t\t\t\t\t\t\t<\/span>\n\t\t\t\t\t\t<\/div>\n\t\t\t\t\t\t<span class=\"wd-accordion-opener\"><\/span>\n\t\t\t\t\t<\/div>\n\n\t\t\t\t\t<div class=\"wd-accordion-content wd-entry-content wd-active\" data-accordion-index=\"0\">\n\t\t\t\t\t\t\t\t\t\t\t\t\t\n\t\t\t\t\t\t\t<p>Le panth\u00e9nol est un puissant hydratant qui p\u00e9n\u00e8tre en profondeur dans les fibres capillaires, formant une fine couche hydratante \u00e0 leur surface. Ce m\u00e9canisme am\u00e9liore la brillance, la douceur et la souplesse des cheveux, sans provoquer d\u2019effet gras. En se liant aux follicules capillaires, il scelle l\u2019humidit\u00e9, offrant une solution efficace pour les cheveux secs ou pour pr\u00e9venir la s\u00e9cheresse du cuir chevelu. De plus, il r\u00e9duit les pointes fourchues, augmente la r\u00e9sistance \u00e0 la traction des cheveux et am\u00e9liore leur \u00e9lasticit\u00e9. Des \u00e9tudes ont \u00e9galement d\u00e9montr\u00e9 qu\u2019il contribue \u00e0 gonfler la tige capillaire, augmentant ainsi le volume et la densit\u00e9 de la chevelure.<\/p>\n\t\t\t\t\t\t\t\t\t\t\t\t\t\t\t\t\t\t<\/div>\n\t\t\t\t<\/div>\n\t\t\t\t\t\t\t\n\t\t\t\t<div class=\"wd-accordion-item\">\n\t\t\t\t\t<div class=\"wd-accordion-title wd-role-btn\" data-accordion-index=\"1\" tabindex=\"0\">\n\t\t\t\t\t\t<div class=\"wd-accordion-title-text\">\n\t\t\t\t\t\t\t\t\t\t\t\t\t\t<span>\n\t\t\t\t\t\t\t\tEXTRAIT DE SOIE\t\t\t\t\t\t\t<\/span>\n\t\t\t\t\t\t<\/div>\n\t\t\t\t\t\t<span class=\"wd-accordion-opener\"><\/span>\n\t\t\t\t\t<\/div>\n\n\t\t\t\t\t<div class=\"wd-accordion-content wd-entry-content\" data-accordion-index=\"1\">\n\t\t\t\t\t\t\t\t\t\t\t\t\t\n\t\t\t\t\t\t\t<p>La structure naturelle de la soie pr\u00e9serve l\u2019hydratation des cheveux, pour un fini doux et soyeux et une absence totale de n\u0153uds. Elle enveloppe chaque fibre d\u2019un soin d\u00e9licat, sans jamais les alourdir, pour une chevelure saine et volumineuse.<\/p>\n\t\t\t\t\t\t\t\t\t\t\t\t\t\t\t\t\t\t<\/div>\n\t\t\t\t<\/div>\n\t\t\t\t\t<\/div>\n\t\t\t\t\t\t<\/div>\n\t\t\t\t<\/div>\n\t\t\t\t\t<\/div>\n\t\t<\/div>\n\t\t\t\t\t<\/div>\n\t\t<\/section>\n\t\t\t\t<\/div>","protected":false},"excerpt":{"rendered":"<p class=\"font_8\"><span class=\"color_12\">FLORAL \/ FLORAL \/ AMBERY<\/span><\/p>\n<p>Avec les parfums pour cheveux NISHANE, vos cheveux b\u00e9n\u00e9ficieront d'un parfum et d'un soin sans pr\u00e9c\u00e9dent. Gr\u00e2ce \u00e0 leur formule unique qui combine le panth\u00e9nol et l'extrait de soie, les parfums capillaires NISHANE hydratent vos cheveux tout en leur apportant brillance et douceur. Ils aident \u00e9galement \u00e0 conditionner vos cheveux, leur conf\u00e9rant ainsi des m\u00e8ches extr\u00eamement saines et volumineuses.<\/p>\n<p>50 ml \u212e 1.7 FL.OZ. VAPORISATEUR<\/p>","protected":false},"featured_media":18056,"comment_status":"closed","ping_status":"closed","template":"","meta":[],"product_brand":[],"product_cat":[110,72],"product_tag":[],"class_list":{"0":"post-9455","1":"product","2":"type-product","3":"status-publish","4":"has-post-thumbnail","6":"product_cat-hair-perfumes","7":"product_cat-perfumes","9":"first","10":"instock","11":"taxable","12":"shipping-taxable","13":"purchasable","14":"product-type-simple"},"_links":{"self":[{"href":"https:\/\/nishane.com\/fr\/wp-json\/wp\/v2\/product\/9455","targetHints":{"allow":["GET"]}}],"collection":[{"href":"https:\/\/nishane.com\/fr\/wp-json\/wp\/v2\/product"}],"about":[{"href":"https:\/\/nishane.com\/fr\/wp-json\/wp\/v2\/types\/product"}],"replies":[{"embeddable":true,"href":"https:\/\/nishane.com\/fr\/wp-json\/wp\/v2\/comments?post=9455"}],"version-history":[{"count":3,"href":"https:\/\/nishane.com\/fr\/wp-json\/wp\/v2\/product\/9455\/revisions"}],"predecessor-version":[{"id":18035,"href":"https:\/\/nishane.com\/fr\/wp-json\/wp\/v2\/product\/9455\/revisions\/18035"}],"wp:featuredmedia":[{"embeddable":true,"href":"https:\/\/nishane.com\/fr\/wp-json\/wp\/v2\/media\/18056"}],"wp:attachment":[{"href":"https:\/\/nishane.com\/fr\/wp-json\/wp\/v2\/media?parent=9455"}],"wp:term":[{"taxonomy":"product_brand","embeddable":true,"href":"https:\/\/nishane.com\/fr\/wp-json\/wp\/v2\/product_brand?post=9455"},{"taxonomy":"product_cat","embeddable":true,"href":"https:\/\/nishane.com\/fr\/wp-json\/wp\/v2\/product_cat?post=9455"},{"taxonomy":"product_tag","embeddable":true,"href":"https:\/\/nishane.com\/fr\/wp-json\/wp\/v2\/product_tag?post=9455"}],"curies":[{"name":"wp","href":"https:\/\/api.w.org\/{rel}","templated":true}]}}