{"id":9100,"date":"2022-08-17T10:00:32","date_gmt":"2022-08-17T10:00:32","guid":{"rendered":"https:\/\/nishane.com\/?post_type=product&#038;p=9100"},"modified":"2026-03-03T14:35:50","modified_gmt":"2026-03-03T14:35:50","slug":"favonius","status":"publish","type":"product","link":"https:\/\/nishane.com\/fr\/produit\/favonius\/","title":{"rendered":"FAVONIUS <br>"},"content":{"rendered":"<div data-elementor-type=\"wp-post\" data-elementor-id=\"9100\" class=\"elementor elementor-9100\">\n\t\t\t\t\t\t<section class=\"wd-negative-gap elementor-section elementor-top-section elementor-element elementor-element-17ac77f elementor-section-boxed elementor-section-height-default elementor-section-height-default\" data-id=\"17ac77f\" data-element_type=\"section\" data-e-type=\"section\">\n\t\t\t\t\t\t<div class=\"elementor-container elementor-column-gap-default\">\n\t\t\t\t\t<div class=\"elementor-column elementor-col-100 elementor-top-column elementor-element elementor-element-703834c\" data-id=\"703834c\" data-element_type=\"column\" data-e-type=\"column\">\n\t\t\t<div class=\"elementor-widget-wrap elementor-element-populated\">\n\t\t\t\t\t\t<div class=\"elementor-element elementor-element-751b5f0 elementor-widget elementor-widget-wd_text_block\" data-id=\"751b5f0\" data-element_type=\"widget\" data-e-type=\"widget\" data-widget_type=\"wd_text_block.default\">\n\t\t\t\t<div class=\"elementor-widget-container\">\n\t\t\t\t\t\t\t<div class=\"wd-text-block reset-last-child text-center\">\n\t\t\t\n\t\t\t<p class=\"font_8\">Tirant son nom du dieu romain du printemps et des vents favorables, Favonius s\u2019inspire de ses noces avec Flora, d\u00e9esse de la flore et en extrait les parfums. \n\n\u00c0 Favonius, les \u00e9pices de Bithynie et des terres lointaines : le papyrus, l\u2019oliban, les baies roses et la patchouli. \u00c0 Flora, la plus pr\u00e9cieuse des fleurs en son jardin : la rose, le g\u00e9ranium-rosat et la verdeur de la sauge et de l\u2019armoise. Aux deux enfin, la douceur et l\u2019\u00e9clat : la bergamote lumineuse et le santal-caresse.<\/p><p>\u00ab Maintenant, le printemps rose, souriant, souffle ses vents ti\u00e8des ; le doux Favonius ouvre ses ailes et du ciel orageux, il triomphe. \u00bb<\/p>\n\t\t\t\t\t<\/div>\n\t\t\t\t\t\t<\/div>\n\t\t\t\t<\/div>\n\t\t\t\t\t<\/div>\n\t\t<\/div>\n\t\t\t\t\t<\/div>\n\t\t<\/section>\n\t\t\t\t<section class=\"wd-negative-gap elementor-section elementor-top-section elementor-element elementor-element-0da32de elementor-section-boxed elementor-section-height-default elementor-section-height-default\" data-id=\"0da32de\" data-element_type=\"section\" data-e-type=\"section\">\n\t\t\t\t\t\t<div class=\"elementor-container elementor-column-gap-default\">\n\t\t\t\t\t<div class=\"elementor-column elementor-col-33 elementor-top-column elementor-element elementor-element-ca04d96\" data-id=\"ca04d96\" data-element_type=\"column\" data-e-type=\"column\">\n\t\t\t<div class=\"elementor-widget-wrap elementor-element-populated\">\n\t\t\t\t\t\t<div class=\"elementor-element elementor-element-0e6b6d4 elementor-widget elementor-widget-wd_infobox\" data-id=\"0e6b6d4\" data-element_type=\"widget\" data-e-type=\"widget\" data-widget_type=\"wd_infobox.default\">\n\t\t\t\t<div class=\"elementor-widget-container\">\n\t\t\t\t\t\t\t<div class=\"info-box-wrapper\">\n\t\t\t<div class=\"wd-info-box text-center box-icon-align-top box-style-shadow color-scheme-\">\n\t\t\t\t\n\t\t\t\t<div class=\"info-box-content\">\n\t\t\t\t\t\n\t\t\t\t\t\t\t\t\t\t\t<h4\t\t\t\t\t\tclass=\"info-box-title title box-title-style-default wd-fontsize-m\" data-elementor-setting-key=\"title\">\n\t\t\t\t\t\t\t\tNOTES DE T\u00caTE\t\t\t\t\t\t<\/h4>\n\t\t\t\t\t\n\t\t\t\t\t<div class=\"info-box-inner reset-last-child\"data-elementor-setting-key=\"content\"><p class=\"font_8\">bergamote - baies roses - oliban<\/p>\n<\/div>\n\n\t\t\t\t\t\t\t\t\t<\/div>\n\n\t\t\t\t\t\t\t<\/div>\n\t\t<\/div>\n\t\t\t\t\t\t<\/div>\n\t\t\t\t<\/div>\n\t\t\t\t\t<\/div>\n\t\t<\/div>\n\t\t\t\t<div class=\"elementor-column elementor-col-33 elementor-top-column elementor-element elementor-element-9e45869\" data-id=\"9e45869\" data-element_type=\"column\" data-e-type=\"column\">\n\t\t\t<div class=\"elementor-widget-wrap elementor-element-populated\">\n\t\t\t\t\t\t<div class=\"elementor-element elementor-element-fefd3f8 elementor-widget elementor-widget-wd_infobox\" data-id=\"fefd3f8\" data-element_type=\"widget\" data-e-type=\"widget\" data-widget_type=\"wd_infobox.default\">\n\t\t\t\t<div class=\"elementor-widget-container\">\n\t\t\t\t\t\t\t<div class=\"info-box-wrapper\">\n\t\t\t<div class=\"wd-info-box text-center box-icon-align-top box-style-shadow color-scheme-\">\n\t\t\t\t\n\t\t\t\t<div class=\"info-box-content\">\n\t\t\t\t\t\n\t\t\t\t\t\t\t\t\t\t\t<h4\t\t\t\t\t\tclass=\"info-box-title title box-title-style-default wd-fontsize-m\" data-elementor-setting-key=\"title\">\n\t\t\t\t\t\t\t\tNOTES DE COEUR\t\t\t\t\t\t<\/h4>\n\t\t\t\t\t\n\t\t\t\t\t<div class=\"info-box-inner reset-last-child\"data-elementor-setting-key=\"content\"><p>g\u00e9ranium - papyrus - rose - armoise - sauge sclar\u00e9e<\/p>\n<\/div>\n\n\t\t\t\t\t\t\t\t\t<\/div>\n\n\t\t\t\t\t\t\t<\/div>\n\t\t<\/div>\n\t\t\t\t\t\t<\/div>\n\t\t\t\t<\/div>\n\t\t\t\t\t<\/div>\n\t\t<\/div>\n\t\t\t\t<div class=\"elementor-column elementor-col-33 elementor-top-column elementor-element elementor-element-9a107d7\" data-id=\"9a107d7\" data-element_type=\"column\" data-e-type=\"column\">\n\t\t\t<div class=\"elementor-widget-wrap elementor-element-populated\">\n\t\t\t\t\t\t<div class=\"elementor-element elementor-element-fd00aad elementor-widget elementor-widget-wd_infobox\" data-id=\"fd00aad\" data-element_type=\"widget\" data-e-type=\"widget\" data-widget_type=\"wd_infobox.default\">\n\t\t\t\t<div class=\"elementor-widget-container\">\n\t\t\t\t\t\t\t<div class=\"info-box-wrapper\">\n\t\t\t<div class=\"wd-info-box text-center box-icon-align-top box-style-shadow color-scheme-\">\n\t\t\t\t\n\t\t\t\t<div class=\"info-box-content\">\n\t\t\t\t\t\n\t\t\t\t\t\t\t\t\t\t\t<h4\t\t\t\t\t\tclass=\"info-box-title title box-title-style-default wd-fontsize-m\" data-elementor-setting-key=\"title\">\n\t\t\t\t\t\t\t\tNOTES DE FOND\t\t\t\t\t\t<\/h4>\n\t\t\t\t\t\n\t\t\t\t\t<div class=\"info-box-inner reset-last-child\"data-elementor-setting-key=\"content\"><p>oud - c\u00e8dre - patchouli - bois de santal<\/p>\n<\/div>\n\n\t\t\t\t\t\t\t\t\t<\/div>\n\n\t\t\t\t\t\t\t<\/div>\n\t\t<\/div>\n\t\t\t\t\t\t<\/div>\n\t\t\t\t<\/div>\n\t\t\t\t\t<\/div>\n\t\t<\/div>\n\t\t\t\t\t<\/div>\n\t\t<\/section>\n\t\t\t\t<\/div>","protected":false},"excerpt":{"rendered":"<p class=\"font_8\"><span class=\"color_12\">\u00c9PIC\u00c9 \/ FLORAL \/ BOIS\u00c9<\/span><\/p>\n<p class=\"font_8\"><strong><span class=\"color_12\">Extrait de Parfum<\/span><\/strong><\/p>\n<p class=\"font_8\"><span class=\"color_12\">50 ml \u212e 1.7 FL.OZ. VAPORISATEUR<br \/>\n<\/span><span class=\"color_12\">100 ml \u212e 3.4 FL.OZ. VAPORISATEUR<\/span><\/p>","protected":false},"featured_media":23478,"comment_status":"closed","ping_status":"closed","template":"","meta":[],"product_brand":[],"product_cat":[75,72],"product_tag":[],"class_list":{"0":"post-9100","1":"product","2":"type-product","3":"status-publish","4":"has-post-thumbnail","6":"product_cat-favonius","7":"product_cat-perfumes","9":"first","10":"instock","11":"taxable","12":"shipping-taxable","13":"purchasable","14":"product-type-variable"},"_links":{"self":[{"href":"https:\/\/nishane.com\/fr\/wp-json\/wp\/v2\/product\/9100","targetHints":{"allow":["GET"]}}],"collection":[{"href":"https:\/\/nishane.com\/fr\/wp-json\/wp\/v2\/product"}],"about":[{"href":"https:\/\/nishane.com\/fr\/wp-json\/wp\/v2\/types\/product"}],"replies":[{"embeddable":true,"href":"https:\/\/nishane.com\/fr\/wp-json\/wp\/v2\/comments?post=9100"}],"version-history":[{"count":12,"href":"https:\/\/nishane.com\/fr\/wp-json\/wp\/v2\/product\/9100\/revisions"}],"predecessor-version":[{"id":23481,"href":"https:\/\/nishane.com\/fr\/wp-json\/wp\/v2\/product\/9100\/revisions\/23481"}],"wp:featuredmedia":[{"embeddable":true,"href":"https:\/\/nishane.com\/fr\/wp-json\/wp\/v2\/media\/23478"}],"wp:attachment":[{"href":"https:\/\/nishane.com\/fr\/wp-json\/wp\/v2\/media?parent=9100"}],"wp:term":[{"taxonomy":"product_brand","embeddable":true,"href":"https:\/\/nishane.com\/fr\/wp-json\/wp\/v2\/product_brand?post=9100"},{"taxonomy":"product_cat","embeddable":true,"href":"https:\/\/nishane.com\/fr\/wp-json\/wp\/v2\/product_cat?post=9100"},{"taxonomy":"product_tag","embeddable":true,"href":"https:\/\/nishane.com\/fr\/wp-json\/wp\/v2\/product_tag?post=9100"}],"curies":[{"name":"wp","href":"https:\/\/api.w.org\/{rel}","templated":true}]}}