{"id":9094,"date":"2022-08-10T13:18:05","date_gmt":"2022-08-10T13:18:05","guid":{"rendered":"https:\/\/nishane.com\/?post_type=product&#038;p=9094"},"modified":"2026-03-06T13:23:14","modified_gmt":"2026-03-06T13:23:14","slug":"discovery-set-12","status":"publish","type":"product","link":"https:\/\/nishane.com\/fr\/produit\/discovery-set-12\/","title":{"rendered":"COFFRET D\u00c9COUVERTE 12"},"content":{"rendered":"","protected":false},"excerpt":{"rendered":"<div id=\"comp-kkmjzcsl\" class=\"_1Q9if _3bcaz\" data-testid=\"richTextElement\">\n<p class=\"font_8\"><strong><span class=\"color_12\">Contient un \u00e9chantillon 2ml des parfums suivants :<\/span><\/strong><\/p>\n<p class=\"font_8\">W\u016aL\u00d3NG CH\u00c1\u00a0&#8211; SULTAN VETIVER &#8211; TUBER\u00d3ZA &#8211;<span class=\"Apple-converted-space\">\u00a0 <\/span>B-612\u00a0&#8211; FAN YOUR FLAMES &#8211; HUNDRED SILENT WAYS &#8211; ANI &#8211; EGE\/\u0391\u0399\u0393\u0391\u0399\u039f &#8211; NANSHE &#8211; HACIVAT &#8211; KARAGOZ &#8211;\u00a0COLOGNIS\u00c9<\/p>\n<p class=\"font_8\"><span class=\"color_12\">D\u00e9couvrez nos parfums iconiques r\u00e9unis dans un m\u00eame coffret.<\/span><\/p>\n<\/div>\n<div id=\"comp-kkmjzcsh\" class=\"_2Hij5 _3bcaz\" data-testid=\"richTextElement\">\n<p class=\"font_8\"><strong><span class=\"color_12\">Extrait de Parfum<br \/>\n<\/span><\/strong><span class=\"color_12\">12&#215;2 ml \u212e 12&#215;0.067 FL.OZ. SPRAY<\/span><\/p>\n<\/div>","protected":false},"featured_media":31164,"comment_status":"closed","ping_status":"closed","template":"","meta":[],"product_brand":[],"product_cat":[112,72],"product_tag":[],"class_list":{"0":"post-9094","1":"product","2":"type-product","3":"status-publish","4":"has-post-thumbnail","6":"product_cat-discovery","7":"product_cat-perfumes","9":"first","10":"instock","11":"taxable","12":"shipping-taxable","13":"purchasable","14":"product-type-simple"},"_links":{"self":[{"href":"https:\/\/nishane.com\/fr\/wp-json\/wp\/v2\/product\/9094","targetHints":{"allow":["GET"]}}],"collection":[{"href":"https:\/\/nishane.com\/fr\/wp-json\/wp\/v2\/product"}],"about":[{"href":"https:\/\/nishane.com\/fr\/wp-json\/wp\/v2\/types\/product"}],"replies":[{"embeddable":true,"href":"https:\/\/nishane.com\/fr\/wp-json\/wp\/v2\/comments?post=9094"}],"version-history":[{"count":6,"href":"https:\/\/nishane.com\/fr\/wp-json\/wp\/v2\/product\/9094\/revisions"}],"predecessor-version":[{"id":31165,"href":"https:\/\/nishane.com\/fr\/wp-json\/wp\/v2\/product\/9094\/revisions\/31165"}],"wp:featuredmedia":[{"embeddable":true,"href":"https:\/\/nishane.com\/fr\/wp-json\/wp\/v2\/media\/31164"}],"wp:attachment":[{"href":"https:\/\/nishane.com\/fr\/wp-json\/wp\/v2\/media?parent=9094"}],"wp:term":[{"taxonomy":"product_brand","embeddable":true,"href":"https:\/\/nishane.com\/fr\/wp-json\/wp\/v2\/product_brand?post=9094"},{"taxonomy":"product_cat","embeddable":true,"href":"https:\/\/nishane.com\/fr\/wp-json\/wp\/v2\/product_cat?post=9094"},{"taxonomy":"product_tag","embeddable":true,"href":"https:\/\/nishane.com\/fr\/wp-json\/wp\/v2\/product_tag?post=9094"}],"curies":[{"name":"wp","href":"https:\/\/api.w.org\/{rel}","templated":true}]}}