{"id":9040,"date":"2022-09-10T12:07:38","date_gmt":"2022-09-10T12:07:38","guid":{"rendered":"https:\/\/nishane.com\/?post_type=product&#038;p=9040"},"modified":"2026-03-09T13:02:00","modified_gmt":"2026-03-09T13:02:00","slug":"suede-et-safran","status":"publish","type":"product","link":"https:\/\/nishane.com\/fr\/produit\/suede-et-safran\/","title":{"rendered":"SU\u00c8DE ET SAFRAN"},"content":{"rendered":"<div data-elementor-type=\"wp-post\" data-elementor-id=\"9040\" class=\"elementor elementor-9040\">\n\t\t\t\t\t\t<section class=\"wd-negative-gap elementor-section elementor-top-section elementor-element elementor-element-17ac77f elementor-section-boxed elementor-section-height-default elementor-section-height-default\" data-id=\"17ac77f\" data-element_type=\"section\" data-e-type=\"section\">\n\t\t\t\t\t\t<div class=\"elementor-container elementor-column-gap-default\">\n\t\t\t\t\t<div class=\"elementor-column elementor-col-100 elementor-top-column elementor-element elementor-element-703834c\" data-id=\"703834c\" data-element_type=\"column\" data-e-type=\"column\">\n\t\t\t<div class=\"elementor-widget-wrap elementor-element-populated\">\n\t\t\t\t\t\t<div class=\"elementor-element elementor-element-751b5f0 elementor-widget elementor-widget-wd_text_block\" data-id=\"751b5f0\" data-element_type=\"widget\" data-e-type=\"widget\" data-widget_type=\"wd_text_block.default\">\n\t\t\t\t<div class=\"elementor-widget-container\">\n\t\t\t\t\t\t\t<div class=\"wd-text-block reset-last-child text-center\">\n\t\t\t\n\t\t\t<p class=\"font_8\"><span class=\"color_12\">L\u2019atelier du tanneur est vide. La lumi\u00e8re du matin filtre \u00e0 travers les carreaux jaunes. Elle irise les cuirs cir\u00e9s, fait briller leurs patines et illumine la poussi\u00e8re suspendue dans l\u2019air. Su\u00e8de et Safran est une \u00e9tude du cuir en clair-obscur, o\u00f9 le noir fum\u00e9 des peaux et du safran rencontre la clart\u00e9 des muscs et de l\u2019ambrette \u2013 un parfum signature, sartorial, sur-mesure.<\/span><\/p>\n\t\t\t\t\t<\/div>\n\t\t\t\t\t\t<\/div>\n\t\t\t\t<\/div>\n\t\t\t\t\t<\/div>\n\t\t<\/div>\n\t\t\t\t\t<\/div>\n\t\t<\/section>\n\t\t\t\t<section class=\"wd-negative-gap elementor-section elementor-top-section elementor-element elementor-element-0da32de elementor-section-boxed elementor-section-height-default elementor-section-height-default\" data-id=\"0da32de\" data-element_type=\"section\" data-e-type=\"section\">\n\t\t\t\t\t\t<div class=\"elementor-container elementor-column-gap-default\">\n\t\t\t\t\t<div class=\"elementor-column elementor-col-33 elementor-top-column elementor-element elementor-element-ca04d96\" data-id=\"ca04d96\" data-element_type=\"column\" data-e-type=\"column\">\n\t\t\t<div class=\"elementor-widget-wrap elementor-element-populated\">\n\t\t\t\t\t\t<div class=\"elementor-element elementor-element-0e6b6d4 elementor-widget elementor-widget-wd_infobox\" data-id=\"0e6b6d4\" data-element_type=\"widget\" data-e-type=\"widget\" data-widget_type=\"wd_infobox.default\">\n\t\t\t\t<div class=\"elementor-widget-container\">\n\t\t\t\t\t\t\t<div class=\"info-box-wrapper\">\n\t\t\t<div class=\"wd-info-box text-center box-icon-align-top box-style-shadow color-scheme-\">\n\t\t\t\t\n\t\t\t\t<div class=\"info-box-content\">\n\t\t\t\t\t\n\t\t\t\t\t\t\t\t\t\t\t<h4\t\t\t\t\t\tclass=\"info-box-title title box-title-style-default wd-fontsize-m\" data-elementor-setting-key=\"title\">\n\t\t\t\t\t\t\t\tNOTES DE T\u00caTE\t\t\t\t\t\t<\/h4>\n\t\t\t\t\t\n\t\t\t\t\t<div class=\"info-box-inner reset-last-child\"data-elementor-setting-key=\"content\"><p class=\"font_8\"><span class=\"color_12\">ambrette - safran<\/span><\/p>\n<\/div>\n\n\t\t\t\t\t\t\t\t\t<\/div>\n\n\t\t\t\t\t\t\t<\/div>\n\t\t<\/div>\n\t\t\t\t\t\t<\/div>\n\t\t\t\t<\/div>\n\t\t\t\t\t<\/div>\n\t\t<\/div>\n\t\t\t\t<div class=\"elementor-column elementor-col-33 elementor-top-column elementor-element elementor-element-9e45869\" data-id=\"9e45869\" data-element_type=\"column\" data-e-type=\"column\">\n\t\t\t<div class=\"elementor-widget-wrap elementor-element-populated\">\n\t\t\t\t\t\t<div class=\"elementor-element elementor-element-fefd3f8 elementor-widget elementor-widget-wd_infobox\" data-id=\"fefd3f8\" data-element_type=\"widget\" data-e-type=\"widget\" data-widget_type=\"wd_infobox.default\">\n\t\t\t\t<div class=\"elementor-widget-container\">\n\t\t\t\t\t\t\t<div class=\"info-box-wrapper\">\n\t\t\t<div class=\"wd-info-box text-center box-icon-align-top box-style-shadow color-scheme-\">\n\t\t\t\t\n\t\t\t\t<div class=\"info-box-content\">\n\t\t\t\t\t\n\t\t\t\t\t\t\t\t\t\t\t<h4\t\t\t\t\t\tclass=\"info-box-title title box-title-style-default wd-fontsize-m\" data-elementor-setting-key=\"title\">\n\t\t\t\t\t\t\t\tNOTES DE COEUR\t\t\t\t\t\t<\/h4>\n\t\t\t\t\t\n\t\t\t\t\t<div class=\"info-box-inner reset-last-child\"data-elementor-setting-key=\"content\"><p class=\"font_8\"><span class=\"color_12\">gingembre - daim<\/span><\/p>\n<\/div>\n\n\t\t\t\t\t\t\t\t\t<\/div>\n\n\t\t\t\t\t\t\t<\/div>\n\t\t<\/div>\n\t\t\t\t\t\t<\/div>\n\t\t\t\t<\/div>\n\t\t\t\t\t<\/div>\n\t\t<\/div>\n\t\t\t\t<div class=\"elementor-column elementor-col-33 elementor-top-column elementor-element elementor-element-9a107d7\" data-id=\"9a107d7\" data-element_type=\"column\" data-e-type=\"column\">\n\t\t\t<div class=\"elementor-widget-wrap elementor-element-populated\">\n\t\t\t\t\t\t<div class=\"elementor-element elementor-element-fd00aad elementor-widget elementor-widget-wd_infobox\" data-id=\"fd00aad\" data-element_type=\"widget\" data-e-type=\"widget\" data-widget_type=\"wd_infobox.default\">\n\t\t\t\t<div class=\"elementor-widget-container\">\n\t\t\t\t\t\t\t<div class=\"info-box-wrapper\">\n\t\t\t<div class=\"wd-info-box text-center box-icon-align-top box-style-shadow color-scheme-\">\n\t\t\t\t\n\t\t\t\t<div class=\"info-box-content\">\n\t\t\t\t\t\n\t\t\t\t\t\t\t\t\t\t\t<h4\t\t\t\t\t\tclass=\"info-box-title title box-title-style-default wd-fontsize-m\" data-elementor-setting-key=\"title\">\n\t\t\t\t\t\t\t\tNOTES DE FOND\t\t\t\t\t\t<\/h4>\n\t\t\t\t\t\n\t\t\t\t\t<div class=\"info-box-inner reset-last-child\"data-elementor-setting-key=\"content\"><p>cuir - muscs<\/p>\n<\/div>\n\n\t\t\t\t\t\t\t\t\t<\/div>\n\n\t\t\t\t\t\t\t<\/div>\n\t\t<\/div>\n\t\t\t\t\t\t<\/div>\n\t\t\t\t<\/div>\n\t\t\t\t\t<\/div>\n\t\t<\/div>\n\t\t\t\t\t<\/div>\n\t\t<\/section>\n\t\t\t\t<\/div>","protected":false},"excerpt":{"rendered":"<p class=\"font_8\"><span class=\"color_12\">CUIR\u00c9 \/ \u00c9PIC\u00c9 \/ MUSQU\u00c9<\/span><\/p>\n<p class=\"font_8\"><strong><span class=\"color_12\">Extrait de Parfum<\/span><\/strong><\/p>\n<p class=\"font_8\"><span class=\"color_12\">50 ml \u212e 1.7 FL.OZ. VAPORISATEUR<\/span><\/p>","protected":false},"featured_media":9042,"comment_status":"closed","ping_status":"closed","template":"","meta":[],"product_brand":[],"product_cat":[72,86],"product_tag":[128],"class_list":{"0":"post-9040","1":"product","2":"type-product","3":"status-publish","4":"has-post-thumbnail","6":"product_cat-perfumes","7":"product_cat-signature-collection","8":"product_tag-signature","10":"first","11":"instock","12":"taxable","13":"shipping-taxable","14":"purchasable","15":"product-type-variable"},"_links":{"self":[{"href":"https:\/\/nishane.com\/fr\/wp-json\/wp\/v2\/product\/9040","targetHints":{"allow":["GET"]}}],"collection":[{"href":"https:\/\/nishane.com\/fr\/wp-json\/wp\/v2\/product"}],"about":[{"href":"https:\/\/nishane.com\/fr\/wp-json\/wp\/v2\/types\/product"}],"replies":[{"embeddable":true,"href":"https:\/\/nishane.com\/fr\/wp-json\/wp\/v2\/comments?post=9040"}],"version-history":[{"count":12,"href":"https:\/\/nishane.com\/fr\/wp-json\/wp\/v2\/product\/9040\/revisions"}],"predecessor-version":[{"id":11390,"href":"https:\/\/nishane.com\/fr\/wp-json\/wp\/v2\/product\/9040\/revisions\/11390"}],"wp:featuredmedia":[{"embeddable":true,"href":"https:\/\/nishane.com\/fr\/wp-json\/wp\/v2\/media\/9042"}],"wp:attachment":[{"href":"https:\/\/nishane.com\/fr\/wp-json\/wp\/v2\/media?parent=9040"}],"wp:term":[{"taxonomy":"product_brand","embeddable":true,"href":"https:\/\/nishane.com\/fr\/wp-json\/wp\/v2\/product_brand?post=9040"},{"taxonomy":"product_cat","embeddable":true,"href":"https:\/\/nishane.com\/fr\/wp-json\/wp\/v2\/product_cat?post=9040"},{"taxonomy":"product_tag","embeddable":true,"href":"https:\/\/nishane.com\/fr\/wp-json\/wp\/v2\/product_tag?post=9040"}],"curies":[{"name":"wp","href":"https:\/\/api.w.org\/{rel}","templated":true}]}}