{"id":25019,"date":"2024-11-20T10:23:56","date_gmt":"2024-11-20T10:23:56","guid":{"rendered":"https:\/\/nishane.com\/?post_type=product&#038;p=25019"},"modified":"2026-03-04T12:45:27","modified_gmt":"2026-03-04T12:45:27","slug":"turkish-rose","status":"publish","type":"product","link":"https:\/\/nishane.com\/fr\/produit\/turkish-rose\/","title":{"rendered":"TURKISH ROSE"},"content":{"rendered":"<div data-elementor-type=\"wp-post\" data-elementor-id=\"25019\" class=\"elementor elementor-25019\">\n\t\t\t\t\t\t<section class=\"wd-negative-gap elementor-section elementor-top-section elementor-element elementor-element-17ac77f elementor-section-boxed elementor-section-height-default elementor-section-height-default\" data-id=\"17ac77f\" data-element_type=\"section\" data-e-type=\"section\">\n\t\t\t\t\t\t<div class=\"elementor-container elementor-column-gap-default\">\n\t\t\t\t\t<div class=\"elementor-column elementor-col-100 elementor-top-column elementor-element elementor-element-703834c\" data-id=\"703834c\" data-element_type=\"column\" data-e-type=\"column\">\n\t\t\t<div class=\"elementor-widget-wrap elementor-element-populated\">\n\t\t\t\t\t\t<div class=\"elementor-element elementor-element-751b5f0 elementor-widget elementor-widget-wd_text_block\" data-id=\"751b5f0\" data-element_type=\"widget\" data-e-type=\"widget\" data-widget_type=\"wd_text_block.default\">\n\t\t\t\t<div class=\"elementor-widget-container\">\n\t\t\t\t\t\t\t<div class=\"wd-text-block reset-last-child text-center\">\n\t\t\t\n\t\t\t<p>Hommage au joyau des ottomans.<br \/>Sur les hauteurs anatoliennes, des femmes et des hommes cultivent la rose depuis des mill\u00e9naires. Rouge carmin \u00e0 Isparta, noire de nuit \u00e0 Halfeti, poudr\u00e9e et sucr\u00e9e sur les facettes d\u2019un loukoum, verte et fruit\u00e9e dans les hammams \u2013 une rose turque, en somme et en tout.<\/p><p>Cire 100% naturelle.<br \/>Notre cire est issue d'un proc\u00e9d\u00e9 d'hydrog\u00e9nation, garantissant une combustion saine, sans \u00e9mission de substances canc\u00e9rog\u00e8nes telles que le benz\u00e8ne, le soufre et le tolu\u00e8ne.<\/p>\n\t\t\t\t\t<\/div>\n\t\t\t\t\t\t<\/div>\n\t\t\t\t<\/div>\n\t\t\t\t\t<\/div>\n\t\t<\/div>\n\t\t\t\t\t<\/div>\n\t\t<\/section>\n\t\t\t\t<section class=\"wd-negative-gap elementor-section elementor-top-section elementor-element elementor-element-0da32de elementor-section-boxed elementor-section-height-default elementor-section-height-default\" data-id=\"0da32de\" data-element_type=\"section\" data-e-type=\"section\">\n\t\t\t\t\t\t<div class=\"elementor-container elementor-column-gap-default\">\n\t\t\t\t\t<div class=\"elementor-column elementor-col-33 elementor-top-column elementor-element elementor-element-ca04d96\" data-id=\"ca04d96\" data-element_type=\"column\" data-e-type=\"column\">\n\t\t\t<div class=\"elementor-widget-wrap elementor-element-populated\">\n\t\t\t\t\t\t<div class=\"elementor-element elementor-element-0e6b6d4 elementor-widget elementor-widget-wd_infobox\" data-id=\"0e6b6d4\" data-element_type=\"widget\" data-e-type=\"widget\" data-widget_type=\"wd_infobox.default\">\n\t\t\t\t<div class=\"elementor-widget-container\">\n\t\t\t\t\t\t\t<div class=\"info-box-wrapper\">\n\t\t\t<div class=\"wd-info-box text-center box-icon-align-top box-style-shadow color-scheme-\">\n\t\t\t\t\n\t\t\t\t<div class=\"info-box-content\">\n\t\t\t\t\t\n\t\t\t\t\t\t\t\t\t\t\t<h4\t\t\t\t\t\tclass=\"info-box-title title box-title-style-default wd-fontsize-m\" data-elementor-setting-key=\"title\">\n\t\t\t\t\t\t\t\tNOTES DE T\u00caTE\t\t\t\t\t\t<\/h4>\n\t\t\t\t\t\n\t\t\t\t\t<div class=\"info-box-inner reset-last-child\"data-elementor-setting-key=\"content\"><p><span style=\"font-family: &quot;FuturaLT Regular&quot;, Arial, Helvetica, sans-serif; font-size: 14px; font-style: normal; font-variant-ligatures: normal; font-variant-caps: normal; font-weight: 400; white-space-collapse: collapse;\">citron - bergamote - cassis - mandarine - n\u00e9roli<\/span><\/p>\n<\/div>\n\n\t\t\t\t\t\t\t\t\t<\/div>\n\n\t\t\t\t\t\t\t<\/div>\n\t\t<\/div>\n\t\t\t\t\t\t<\/div>\n\t\t\t\t<\/div>\n\t\t\t\t\t<\/div>\n\t\t<\/div>\n\t\t\t\t<div class=\"elementor-column elementor-col-33 elementor-top-column elementor-element elementor-element-9e45869\" data-id=\"9e45869\" data-element_type=\"column\" data-e-type=\"column\">\n\t\t\t<div class=\"elementor-widget-wrap elementor-element-populated\">\n\t\t\t\t\t\t<div class=\"elementor-element elementor-element-fefd3f8 elementor-widget elementor-widget-wd_infobox\" data-id=\"fefd3f8\" data-element_type=\"widget\" data-e-type=\"widget\" data-widget_type=\"wd_infobox.default\">\n\t\t\t\t<div class=\"elementor-widget-container\">\n\t\t\t\t\t\t\t<div class=\"info-box-wrapper\">\n\t\t\t<div class=\"wd-info-box text-center box-icon-align-top box-style-shadow color-scheme-\">\n\t\t\t\t\n\t\t\t\t<div class=\"info-box-content\">\n\t\t\t\t\t\n\t\t\t\t\t\t\t\t\t\t\t<h4\t\t\t\t\t\tclass=\"info-box-title title box-title-style-default wd-fontsize-m\" data-elementor-setting-key=\"title\">\n\t\t\t\t\t\t\t\tNOTES DE COEUR\t\t\t\t\t\t<\/h4>\n\t\t\t\t\t\n\t\t\t\t\t<div class=\"info-box-inner reset-last-child\"data-elementor-setting-key=\"content\"><p><span style=\"font-family: &quot;FuturaLT Regular&quot;, Arial, Helvetica, sans-serif; font-size: 14px; font-style: normal; font-variant-ligatures: normal; font-variant-caps: normal; font-weight: 400; white-space-collapse: collapse;\">fleurs d'eau - rose - g\u00e9ranium - notes vertes<\/span><\/p>\n<\/div>\n\n\t\t\t\t\t\t\t\t\t<\/div>\n\n\t\t\t\t\t\t\t<\/div>\n\t\t<\/div>\n\t\t\t\t\t\t<\/div>\n\t\t\t\t<\/div>\n\t\t\t\t\t<\/div>\n\t\t<\/div>\n\t\t\t\t<div class=\"elementor-column elementor-col-33 elementor-top-column elementor-element elementor-element-9a107d7\" data-id=\"9a107d7\" data-element_type=\"column\" data-e-type=\"column\">\n\t\t\t<div class=\"elementor-widget-wrap elementor-element-populated\">\n\t\t\t\t\t\t<div class=\"elementor-element elementor-element-fd00aad elementor-widget elementor-widget-wd_infobox\" data-id=\"fd00aad\" data-element_type=\"widget\" data-e-type=\"widget\" data-widget_type=\"wd_infobox.default\">\n\t\t\t\t<div class=\"elementor-widget-container\">\n\t\t\t\t\t\t\t<div class=\"info-box-wrapper\">\n\t\t\t<div class=\"wd-info-box text-center box-icon-align-top box-style-shadow color-scheme-\">\n\t\t\t\t\n\t\t\t\t<div class=\"info-box-content\">\n\t\t\t\t\t\n\t\t\t\t\t\t\t\t\t\t\t<h4\t\t\t\t\t\tclass=\"info-box-title title box-title-style-default wd-fontsize-m\" data-elementor-setting-key=\"title\">\n\t\t\t\t\t\t\t\tNOTES DE FOND\t\t\t\t\t\t<\/h4>\n\t\t\t\t\t\n\t\t\t\t\t<div class=\"info-box-inner reset-last-child\"data-elementor-setting-key=\"content\"><p><span style=\"font-family: &quot;FuturaLT Regular&quot;, Arial, Helvetica, sans-serif; font-size: 14px; font-style: normal; font-variant-ligatures: normal; font-variant-caps: normal; font-weight: 400; white-space-collapse: collapse;\">ambre - bois de c\u00e8dre - bois de santal<\/span><\/p>\n<\/div>\n\n\t\t\t\t\t\t\t\t\t<\/div>\n\n\t\t\t\t\t\t\t<\/div>\n\t\t<\/div>\n\t\t\t\t\t\t<\/div>\n\t\t\t\t<\/div>\n\t\t\t\t\t<\/div>\n\t\t<\/div>\n\t\t\t\t\t<\/div>\n\t\t<\/section>\n\t\t\t\t<\/div>","protected":false},"excerpt":{"rendered":"<p><strong>Bougie parfum\u00e9e<\/strong><\/p>\n<p class=\"p1\">210 g \u212e 7.4 FL.OZ.<\/p>\n<p class=\"p1\">","protected":false},"featured_media":24952,"comment_status":"closed","ping_status":"closed","template":"","meta":[],"product_brand":[],"product_cat":[20,160,188,161],"product_tag":[],"class_list":{"0":"post-25019","1":"product","2":"type-product","3":"status-publish","4":"has-post-thumbnail","6":"product_cat-all-products","7":"product_cat-home-collection","8":"product_cat-scented-candle","9":"product_cat-the-doors-collection","11":"first","12":"instock","13":"taxable","14":"shipping-taxable","15":"purchasable","16":"product-type-variable"},"_links":{"self":[{"href":"https:\/\/nishane.com\/fr\/wp-json\/wp\/v2\/product\/25019","targetHints":{"allow":["GET"]}}],"collection":[{"href":"https:\/\/nishane.com\/fr\/wp-json\/wp\/v2\/product"}],"about":[{"href":"https:\/\/nishane.com\/fr\/wp-json\/wp\/v2\/types\/product"}],"replies":[{"embeddable":true,"href":"https:\/\/nishane.com\/fr\/wp-json\/wp\/v2\/comments?post=25019"}],"version-history":[{"count":28,"href":"https:\/\/nishane.com\/fr\/wp-json\/wp\/v2\/product\/25019\/revisions"}],"predecessor-version":[{"id":26508,"href":"https:\/\/nishane.com\/fr\/wp-json\/wp\/v2\/product\/25019\/revisions\/26508"}],"wp:featuredmedia":[{"embeddable":true,"href":"https:\/\/nishane.com\/fr\/wp-json\/wp\/v2\/media\/24952"}],"wp:attachment":[{"href":"https:\/\/nishane.com\/fr\/wp-json\/wp\/v2\/media?parent=25019"}],"wp:term":[{"taxonomy":"product_brand","embeddable":true,"href":"https:\/\/nishane.com\/fr\/wp-json\/wp\/v2\/product_brand?post=25019"},{"taxonomy":"product_cat","embeddable":true,"href":"https:\/\/nishane.com\/fr\/wp-json\/wp\/v2\/product_cat?post=25019"},{"taxonomy":"product_tag","embeddable":true,"href":"https:\/\/nishane.com\/fr\/wp-json\/wp\/v2\/product_tag?post=25019"}],"curies":[{"name":"wp","href":"https:\/\/api.w.org\/{rel}","templated":true}]}}