{"id":24939,"date":"2024-11-19T14:55:06","date_gmt":"2024-11-19T14:55:06","guid":{"rendered":"https:\/\/nishane.com\/?post_type=product&#038;p=24939"},"modified":"2026-03-04T12:47:12","modified_gmt":"2026-03-04T12:47:12","slug":"indian-oud","status":"publish","type":"product","link":"https:\/\/nishane.com\/fr\/produit\/indian-oud\/","title":{"rendered":"INDIAN OUD"},"content":{"rendered":"<div data-elementor-type=\"wp-post\" data-elementor-id=\"24939\" class=\"elementor elementor-24939\">\n\t\t\t\t\t\t<section class=\"wd-negative-gap elementor-section elementor-top-section elementor-element elementor-element-17ac77f elementor-section-boxed elementor-section-height-default elementor-section-height-default\" data-id=\"17ac77f\" data-element_type=\"section\" data-e-type=\"section\">\n\t\t\t\t\t\t<div class=\"elementor-container elementor-column-gap-default\">\n\t\t\t\t\t<div class=\"elementor-column elementor-col-100 elementor-top-column elementor-element elementor-element-703834c\" data-id=\"703834c\" data-element_type=\"column\" data-e-type=\"column\">\n\t\t\t<div class=\"elementor-widget-wrap elementor-element-populated\">\n\t\t\t\t\t\t<div class=\"elementor-element elementor-element-751b5f0 elementor-widget elementor-widget-wd_text_block\" data-id=\"751b5f0\" data-element_type=\"widget\" data-e-type=\"widget\" data-widget_type=\"wd_text_block.default\">\n\t\t\t\t<div class=\"elementor-widget-container\">\n\t\t\t\t\t\t\t<div class=\"wd-text-block reset-last-child text-center\">\n\t\t\t\n\t\t\t<p>Les palais moghols et marathes, aux vives couleurs et aux riches arabesques peignent des figures sur le marbre. Dans les alc\u00f4ves, l\u2019eau de rose rencontre les volutes d\u2019oud incandescent, leur parfum s\u2019\u00e9vade par-dessus les canop\u00e9es \u00e9meraude des jungles profondes \u2013 un clair-obscur mystique et chamarr\u00e9.<\/p><p><span style=\"font-family: &quot;FuturaLT Regular&quot;, Arial, Helvetica, sans-serif; font-size: 14px; font-style: normal; font-variant-ligatures: normal; font-variant-caps: normal; font-weight: 400; white-space-collapse: collapse;\">Cire 100% naturelle.<\/span><br style=\"white-space-collapse: collapse;\"><span style=\"font-family: &quot;FuturaLT Regular&quot;, Arial, Helvetica, sans-serif; font-size: 14px; font-style: normal; font-variant-ligatures: normal; font-variant-caps: normal; font-weight: 400; white-space-collapse: collapse;\">Notre cire est issue d'un proc\u00e9d\u00e9 d'hydrog\u00e9nation, garantissant une combustion saine, sans \u00e9mission de substances canc\u00e9rog\u00e8nes telles que le benz\u00e8ne, le soufre et le tolu\u00e8ne.<\/span><\/p>\n\t\t\t\t\t<\/div>\n\t\t\t\t\t\t<\/div>\n\t\t\t\t<\/div>\n\t\t\t\t\t<\/div>\n\t\t<\/div>\n\t\t\t\t\t<\/div>\n\t\t<\/section>\n\t\t\t\t<section class=\"wd-negative-gap elementor-section elementor-top-section elementor-element elementor-element-0da32de elementor-section-boxed elementor-section-height-default elementor-section-height-default\" data-id=\"0da32de\" data-element_type=\"section\" data-e-type=\"section\">\n\t\t\t\t\t\t<div class=\"elementor-container elementor-column-gap-default\">\n\t\t\t\t\t<div class=\"elementor-column elementor-col-33 elementor-top-column elementor-element elementor-element-ca04d96\" data-id=\"ca04d96\" data-element_type=\"column\" data-e-type=\"column\">\n\t\t\t<div class=\"elementor-widget-wrap elementor-element-populated\">\n\t\t\t\t\t\t<div class=\"elementor-element elementor-element-0e6b6d4 elementor-widget elementor-widget-wd_infobox\" data-id=\"0e6b6d4\" data-element_type=\"widget\" data-e-type=\"widget\" data-widget_type=\"wd_infobox.default\">\n\t\t\t\t<div class=\"elementor-widget-container\">\n\t\t\t\t\t\t\t<div class=\"info-box-wrapper\">\n\t\t\t<div class=\"wd-info-box text-center box-icon-align-top box-style-shadow color-scheme-\">\n\t\t\t\t\n\t\t\t\t<div class=\"info-box-content\">\n\t\t\t\t\t\n\t\t\t\t\t\t\t\t\t\t\t<h4\t\t\t\t\t\tclass=\"info-box-title title box-title-style-default wd-fontsize-m\" data-elementor-setting-key=\"title\">\n\t\t\t\t\t\t\t\tNOTES DE T\u00caTE\t\t\t\t\t\t<\/h4>\n\t\t\t\t\t\n\t\t\t\t\t<div class=\"info-box-inner reset-last-child\"data-elementor-setting-key=\"content\"><p class=\"font_8\">citron - notes vertes - ald\u00e9hydes<span style=\"font-size: 14px; text-align: var(--text-align); color: var(--wd-text-color);\"><\/span><\/p>\n<\/div>\n\n\t\t\t\t\t\t\t\t\t<\/div>\n\n\t\t\t\t\t\t\t<\/div>\n\t\t<\/div>\n\t\t\t\t\t\t<\/div>\n\t\t\t\t<\/div>\n\t\t\t\t\t<\/div>\n\t\t<\/div>\n\t\t\t\t<div class=\"elementor-column elementor-col-33 elementor-top-column elementor-element elementor-element-9e45869\" data-id=\"9e45869\" data-element_type=\"column\" data-e-type=\"column\">\n\t\t\t<div class=\"elementor-widget-wrap elementor-element-populated\">\n\t\t\t\t\t\t<div class=\"elementor-element elementor-element-fefd3f8 elementor-widget elementor-widget-wd_infobox\" data-id=\"fefd3f8\" data-element_type=\"widget\" data-e-type=\"widget\" data-widget_type=\"wd_infobox.default\">\n\t\t\t\t<div class=\"elementor-widget-container\">\n\t\t\t\t\t\t\t<div class=\"info-box-wrapper\">\n\t\t\t<div class=\"wd-info-box text-center box-icon-align-top box-style-shadow color-scheme-\">\n\t\t\t\t\n\t\t\t\t<div class=\"info-box-content\">\n\t\t\t\t\t\n\t\t\t\t\t\t\t\t\t\t\t<h4\t\t\t\t\t\tclass=\"info-box-title title box-title-style-default wd-fontsize-m\" data-elementor-setting-key=\"title\">\n\t\t\t\t\t\t\t\tNOTES DE COEUR\t\t\t\t\t\t<\/h4>\n\t\t\t\t\t\n\t\t\t\t\t<div class=\"info-box-inner reset-last-child\"data-elementor-setting-key=\"content\"><p class=\"font_8\">lavande - menthe - pin - eucalyptus - notes aquatiques - oud<span style=\"font-size: 14px; text-align: var(--text-align); color: var(--wd-text-color);\"><\/span><\/p>\n<\/div>\n\n\t\t\t\t\t\t\t\t\t<\/div>\n\n\t\t\t\t\t\t\t<\/div>\n\t\t<\/div>\n\t\t\t\t\t\t<\/div>\n\t\t\t\t<\/div>\n\t\t\t\t\t<\/div>\n\t\t<\/div>\n\t\t\t\t<div class=\"elementor-column elementor-col-33 elementor-top-column elementor-element elementor-element-9a107d7\" data-id=\"9a107d7\" data-element_type=\"column\" data-e-type=\"column\">\n\t\t\t<div class=\"elementor-widget-wrap elementor-element-populated\">\n\t\t\t\t\t\t<div class=\"elementor-element elementor-element-fd00aad elementor-widget elementor-widget-wd_infobox\" data-id=\"fd00aad\" data-element_type=\"widget\" data-e-type=\"widget\" data-widget_type=\"wd_infobox.default\">\n\t\t\t\t<div class=\"elementor-widget-container\">\n\t\t\t\t\t\t\t<div class=\"info-box-wrapper\">\n\t\t\t<div class=\"wd-info-box text-center box-icon-align-top box-style-shadow color-scheme-\">\n\t\t\t\t\n\t\t\t\t<div class=\"info-box-content\">\n\t\t\t\t\t\n\t\t\t\t\t\t\t\t\t\t\t<h4\t\t\t\t\t\tclass=\"info-box-title title box-title-style-default wd-fontsize-m\" data-elementor-setting-key=\"title\">\n\t\t\t\t\t\t\t\tNOTES DE FOND\t\t\t\t\t\t<\/h4>\n\t\t\t\t\t\n\t\t\t\t\t<div class=\"info-box-inner reset-last-child\"data-elementor-setting-key=\"content\"><p class=\"font_8\">cannelle - bois de c\u00e8dre - praline - patchouli<span style=\"font-size: 14px; text-align: var(--text-align); color: var(--wd-text-color);\"><\/span><\/p>\n<\/div>\n\n\t\t\t\t\t\t\t\t\t<\/div>\n\n\t\t\t\t\t\t\t<\/div>\n\t\t<\/div>\n\t\t\t\t\t\t<\/div>\n\t\t\t\t<\/div>\n\t\t\t\t\t<\/div>\n\t\t<\/div>\n\t\t\t\t\t<\/div>\n\t\t<\/section>\n\t\t\t\t<\/div>","protected":false},"excerpt":{"rendered":"<p><strong>Bougie parfum\u00e9e<\/strong><\/p>\n<p class=\"p1\">210 g \u212e 7.4 FL.OZ.<\/p>\n<p class=\"p1\">750 g \u212e 26.4 FL.OZ.<\/p>","protected":false},"featured_media":24952,"comment_status":"closed","ping_status":"closed","template":"","meta":[],"product_brand":[],"product_cat":[20,160,188,161],"product_tag":[],"class_list":{"0":"post-24939","1":"product","2":"type-product","3":"status-publish","4":"has-post-thumbnail","6":"product_cat-all-products","7":"product_cat-home-collection","8":"product_cat-scented-candle","9":"product_cat-the-doors-collection","11":"first","12":"instock","13":"taxable","14":"shipping-taxable","15":"purchasable","16":"product-type-variable"},"_links":{"self":[{"href":"https:\/\/nishane.com\/fr\/wp-json\/wp\/v2\/product\/24939","targetHints":{"allow":["GET"]}}],"collection":[{"href":"https:\/\/nishane.com\/fr\/wp-json\/wp\/v2\/product"}],"about":[{"href":"https:\/\/nishane.com\/fr\/wp-json\/wp\/v2\/types\/product"}],"replies":[{"embeddable":true,"href":"https:\/\/nishane.com\/fr\/wp-json\/wp\/v2\/comments?post=24939"}],"version-history":[{"count":24,"href":"https:\/\/nishane.com\/fr\/wp-json\/wp\/v2\/product\/24939\/revisions"}],"predecessor-version":[{"id":49719,"href":"https:\/\/nishane.com\/fr\/wp-json\/wp\/v2\/product\/24939\/revisions\/49719"}],"wp:featuredmedia":[{"embeddable":true,"href":"https:\/\/nishane.com\/fr\/wp-json\/wp\/v2\/media\/24952"}],"wp:attachment":[{"href":"https:\/\/nishane.com\/fr\/wp-json\/wp\/v2\/media?parent=24939"}],"wp:term":[{"taxonomy":"product_brand","embeddable":true,"href":"https:\/\/nishane.com\/fr\/wp-json\/wp\/v2\/product_brand?post=24939"},{"taxonomy":"product_cat","embeddable":true,"href":"https:\/\/nishane.com\/fr\/wp-json\/wp\/v2\/product_cat?post=24939"},{"taxonomy":"product_tag","embeddable":true,"href":"https:\/\/nishane.com\/fr\/wp-json\/wp\/v2\/product_tag?post=24939"}],"curies":[{"name":"wp","href":"https:\/\/api.w.org\/{rel}","templated":true}]}}