{"id":23775,"date":"2024-09-20T11:08:37","date_gmt":"2024-09-20T11:08:37","guid":{"rendered":"https:\/\/nishane.com\/?post_type=product&#038;p=23775"},"modified":"2026-03-06T13:25:29","modified_gmt":"2026-03-06T13:25:29","slug":"hyper-soleil","status":"publish","type":"product","link":"https:\/\/nishane.com\/fr\/produit\/hyper-soleil\/","title":{"rendered":"HYPER SOLEIL"},"content":{"rendered":"<div data-elementor-type=\"wp-post\" data-elementor-id=\"23775\" class=\"elementor elementor-23775\">\n\t\t\t\t\t\t<section class=\"wd-negative-gap elementor-section elementor-top-section elementor-element elementor-element-17ac77f elementor-section-boxed elementor-section-height-default elementor-section-height-default\" data-id=\"17ac77f\" data-element_type=\"section\" data-e-type=\"section\">\n\t\t\t\t\t\t<div class=\"elementor-container elementor-column-gap-default\">\n\t\t\t\t\t<div class=\"elementor-column elementor-col-100 elementor-top-column elementor-element elementor-element-703834c\" data-id=\"703834c\" data-element_type=\"column\" data-e-type=\"column\">\n\t\t\t<div class=\"elementor-widget-wrap elementor-element-populated\">\n\t\t\t\t\t\t<div class=\"elementor-element elementor-element-751b5f0 elementor-widget elementor-widget-wd_text_block\" data-id=\"751b5f0\" data-element_type=\"widget\" data-e-type=\"widget\" data-widget_type=\"wd_text_block.default\">\n\t\t\t\t<div class=\"elementor-widget-container\">\n\t\t\t\t\t\t\t<div class=\"wd-text-block reset-last-child text-center\">\n\t\t\t\n\t\t\t<p>Parachevez votre rituel beaut\u00e9 avec l'Huile Scintillante Hyper Soleil, une cr\u00e9ation somptueuse qui enveloppe le corps et les cheveux d\u2019un soin raffin\u00e9 et exquis. Enrichie en huiles pr\u00e9cieuses d\u2019avocat, d\u2019argan et d\u2019olive<strong style=\"font-style: inherit;\">,<\/strong>\u00a0cette formule d\u2019exception, sublim\u00e9e par des ingr\u00e9dients d\u00e9riv\u00e9s de la noix de coco, d\u00e9pose un voile satin\u00e9 et soyeux sur la peau, alliant indulgence luxueuse et l\u00e9g\u00e8ret\u00e9 incomparable.<\/p><p><span style=\"font-style: inherit; font-weight: inherit;\">Dot\u00e9e d\u2019un SPF 15 et d\u2019une protection \u00e0 large spectre contre les rayons UVA\/UVB, cette huile r\u00e9sistante \u00e0 l\u2019eau d\u00e9fie les \u00e9l\u00e9ments avec \u00e9l\u00e9gance tandis que la vitamine E neutralise les radicaux libres, assurant \u00e0 votre peau une douceur et une vitalit\u00e9 durables.<\/span><\/p><p><span style=\"font-style: inherit; font-weight: inherit;\">Des particules naturelles r\u00e9fl\u00e9chissant la lumi\u00e8re conf\u00e8rent \u00e0 votre peau un \u00e9clat radieux, sans colorants et sans tacher les v\u00eatements. Infus\u00e9e d'un parfum de mono\u00ef, de tub\u00e9reuse et de frangipanier,  Hyper Soleil \u00e9voque l'essence d'un luxe solaire, lumineux et sensuel.<\/span><\/p><p><u style=\"font-style: inherit; font-weight: inherit;\">RITUEL D'UTILISATION\u00a0<\/u><\/p><p>Pour le corps<\/p><p>Agitez d\u00e9licatement avant utilisation pour r\u00e9veiller l'\u00e9clat. Appliquez quelques gouttes d'huile uniform\u00e9ment sur votre peau. Pour une protection optimale, appliquez une cr\u00e8me solaire au pr\u00e9alable et r\u00e9appliquez Hyper Soleil selon vos besoins, notamment apr\u00e8s la baignade afin de profiter de ses bienfaits nourrissants et protecteurs.<\/p><p>Pour les cheveux<\/p><p>Masser d\u00e9licatement quelques gouttes d'Hyper Soleil sur les pointes et les longueurs de vos cheveux.<\/p>\n\t\t\t\t\t<\/div>\n\t\t\t\t\t\t<\/div>\n\t\t\t\t<\/div>\n\t\t\t\t\t<\/div>\n\t\t<\/div>\n\t\t\t\t\t<\/div>\n\t\t<\/section>\n\t\t\t\t<section class=\"wd-negative-gap elementor-section elementor-top-section elementor-element elementor-element-0da32de elementor-section-boxed elementor-section-height-default elementor-section-height-default\" data-id=\"0da32de\" data-element_type=\"section\" data-e-type=\"section\">\n\t\t\t\t\t\t<div class=\"elementor-container elementor-column-gap-default\">\n\t\t\t\t\t<div class=\"elementor-column elementor-col-33 elementor-top-column elementor-element elementor-element-ca04d96\" data-id=\"ca04d96\" data-element_type=\"column\" data-e-type=\"column\">\n\t\t\t<div class=\"elementor-widget-wrap elementor-element-populated\">\n\t\t\t\t\t\t<div class=\"elementor-element elementor-element-0e6b6d4 elementor-widget elementor-widget-wd_infobox\" data-id=\"0e6b6d4\" data-element_type=\"widget\" data-e-type=\"widget\" data-widget_type=\"wd_infobox.default\">\n\t\t\t\t<div class=\"elementor-widget-container\">\n\t\t\t\t\t\t\t<div class=\"info-box-wrapper\">\n\t\t\t<div class=\"wd-info-box text-center box-icon-align-top box-style-shadow color-scheme-\">\n\t\t\t\t\n\t\t\t\t<div class=\"info-box-content\">\n\t\t\t\t\t\n\t\t\t\t\t\t\t\t\t\t\t<h4\t\t\t\t\t\tclass=\"info-box-title title box-title-style-default wd-fontsize-m\" data-elementor-setting-key=\"title\">\n\t\t\t\t\t\t\t\tNOTES DE T\u00caTE\t\t\t\t\t\t<\/h4>\n\t\t\t\t\t\n\t\t\t\t\t<div class=\"info-box-inner reset-last-child\"data-elementor-setting-key=\"content\"><p class=\"font_8\">mono\u00ef<\/p>\n<\/div>\n\n\t\t\t\t\t\t\t\t\t<\/div>\n\n\t\t\t\t\t\t\t<\/div>\n\t\t<\/div>\n\t\t\t\t\t\t<\/div>\n\t\t\t\t<\/div>\n\t\t\t\t\t<\/div>\n\t\t<\/div>\n\t\t\t\t<div class=\"elementor-column elementor-col-33 elementor-top-column elementor-element elementor-element-9e45869\" data-id=\"9e45869\" data-element_type=\"column\" data-e-type=\"column\">\n\t\t\t<div class=\"elementor-widget-wrap elementor-element-populated\">\n\t\t\t\t\t\t<div class=\"elementor-element elementor-element-fefd3f8 elementor-widget elementor-widget-wd_infobox\" data-id=\"fefd3f8\" data-element_type=\"widget\" data-e-type=\"widget\" data-widget_type=\"wd_infobox.default\">\n\t\t\t\t<div class=\"elementor-widget-container\">\n\t\t\t\t\t\t\t<div class=\"info-box-wrapper\">\n\t\t\t<div class=\"wd-info-box text-center box-icon-align-top box-style-shadow color-scheme-\">\n\t\t\t\t\n\t\t\t\t<div class=\"info-box-content\">\n\t\t\t\t\t\n\t\t\t\t\t\t\t\t\t\t\t<h4\t\t\t\t\t\tclass=\"info-box-title title box-title-style-default wd-fontsize-m\" data-elementor-setting-key=\"title\">\n\t\t\t\t\t\t\t\tNOTES DE COEUR\t\t\t\t\t\t<\/h4>\n\t\t\t\t\t\n\t\t\t\t\t<div class=\"info-box-inner reset-last-child\"data-elementor-setting-key=\"content\"><p>tub\u00e9reuse - frangipanier<\/p>\n<\/div>\n\n\t\t\t\t\t\t\t\t\t<\/div>\n\n\t\t\t\t\t\t\t<\/div>\n\t\t<\/div>\n\t\t\t\t\t\t<\/div>\n\t\t\t\t<\/div>\n\t\t\t\t\t<\/div>\n\t\t<\/div>\n\t\t\t\t<div class=\"elementor-column elementor-col-33 elementor-top-column elementor-element elementor-element-9a107d7\" data-id=\"9a107d7\" data-element_type=\"column\" data-e-type=\"column\">\n\t\t\t<div class=\"elementor-widget-wrap elementor-element-populated\">\n\t\t\t\t\t\t<div class=\"elementor-element elementor-element-fd00aad elementor-widget elementor-widget-wd_infobox\" data-id=\"fd00aad\" data-element_type=\"widget\" data-e-type=\"widget\" data-widget_type=\"wd_infobox.default\">\n\t\t\t\t<div class=\"elementor-widget-container\">\n\t\t\t\t\t\t\t<div class=\"info-box-wrapper\">\n\t\t\t<div class=\"wd-info-box text-center box-icon-align-top box-style-shadow color-scheme-\">\n\t\t\t\t\n\t\t\t\t<div class=\"info-box-content\">\n\t\t\t\t\t\n\t\t\t\t\t\t\t\t\t\t\t<h4\t\t\t\t\t\tclass=\"info-box-title title box-title-style-default wd-fontsize-m\" data-elementor-setting-key=\"title\">\n\t\t\t\t\t\t\t\tNOTES DE FOND\t\t\t\t\t\t<\/h4>\n\t\t\t\t\t\n\t\t\t\t\t<div class=\"info-box-inner reset-last-child\"data-elementor-setting-key=\"content\"><p class=\"font_8\">patchouli - muscs blancs<span style=\"font-size: 14px; text-align: var(--text-align); color: var(--wd-text-color);\"><\/span><\/p>\n<\/div>\n\n\t\t\t\t\t\t\t\t\t<\/div>\n\n\t\t\t\t\t\t\t<\/div>\n\t\t<\/div>\n\t\t\t\t\t\t<\/div>\n\t\t\t\t<\/div>\n\t\t\t\t\t<\/div>\n\t\t<\/div>\n\t\t\t\t\t<\/div>\n\t\t<\/section>\n\t\t\t\t<\/div>","protected":false},"excerpt":{"rendered":"<p><strong>Huile scintillante <\/strong><\/p>\n<p><strong>SPF 15\u00a0<\/strong><\/p>\n<p class=\"font8\"><span class=\"color12\">100 ml \u212e 3.4 FL.OZ. VAPORISATEUR<\/span><\/p>","protected":false},"featured_media":23776,"comment_status":"closed","ping_status":"closed","template":"","meta":[],"product_brand":[],"product_cat":[77,73],"product_tag":[],"class_list":{"0":"post-23775","1":"product","2":"type-product","3":"status-publish","4":"has-post-thumbnail","6":"product_cat-shimmering-oil","7":"product_cat-hair-body-care","9":"first","10":"instock","11":"taxable","12":"shipping-taxable","13":"purchasable","14":"product-type-simple"},"_links":{"self":[{"href":"https:\/\/nishane.com\/fr\/wp-json\/wp\/v2\/product\/23775","targetHints":{"allow":["GET"]}}],"collection":[{"href":"https:\/\/nishane.com\/fr\/wp-json\/wp\/v2\/product"}],"about":[{"href":"https:\/\/nishane.com\/fr\/wp-json\/wp\/v2\/types\/product"}],"replies":[{"embeddable":true,"href":"https:\/\/nishane.com\/fr\/wp-json\/wp\/v2\/comments?post=23775"}],"version-history":[{"count":24,"href":"https:\/\/nishane.com\/fr\/wp-json\/wp\/v2\/product\/23775\/revisions"}],"predecessor-version":[{"id":49729,"href":"https:\/\/nishane.com\/fr\/wp-json\/wp\/v2\/product\/23775\/revisions\/49729"}],"wp:featuredmedia":[{"embeddable":true,"href":"https:\/\/nishane.com\/fr\/wp-json\/wp\/v2\/media\/23776"}],"wp:attachment":[{"href":"https:\/\/nishane.com\/fr\/wp-json\/wp\/v2\/media?parent=23775"}],"wp:term":[{"taxonomy":"product_brand","embeddable":true,"href":"https:\/\/nishane.com\/fr\/wp-json\/wp\/v2\/product_brand?post=23775"},{"taxonomy":"product_cat","embeddable":true,"href":"https:\/\/nishane.com\/fr\/wp-json\/wp\/v2\/product_cat?post=23775"},{"taxonomy":"product_tag","embeddable":true,"href":"https:\/\/nishane.com\/fr\/wp-json\/wp\/v2\/product_tag?post=23775"}],"curies":[{"name":"wp","href":"https:\/\/api.w.org\/{rel}","templated":true}]}}