{"id":17411,"date":"2024-01-01T08:00:45","date_gmt":"2024-01-01T08:00:45","guid":{"rendered":"https:\/\/nishane.com\/?post_type=product&#038;p=17411"},"modified":"2026-03-23T14:43:45","modified_gmt":"2026-03-23T14:43:45","slug":"wulong-cha-gift-set","status":"publish","type":"product","link":"https:\/\/nishane.com\/fr\/produit\/wulong-cha-gift-set\/","title":{"rendered":"W\u016aL\u00d3NG CH\u00c1<br> COFFRET CADEAU"},"content":{"rendered":"","protected":false},"excerpt":{"rendered":"<p class=\"font_8\"><span class=\"color_12\"><span class=\"wixGuard\">\u200b<strong>C<\/strong><\/span><\/span><span class=\"color_12\"><strong>ontient :<\/strong>\u00a0<\/span><\/p>\n<ul>\n<li class=\"font_8\"><span class=\"color_12\">Extrait de Parfum 50ml<\/span><\/li>\n<li class=\"font_8\"><span class=\"color_12\">Parfum pour cheveux 50ml<\/span><\/li>\n<\/ul>","protected":false},"featured_media":17413,"comment_status":"closed","ping_status":"closed","template":"","meta":[],"product_brand":[],"product_cat":[74],"product_tag":[],"class_list":{"0":"post-17411","1":"product","2":"type-product","3":"status-publish","4":"has-post-thumbnail","6":"product_cat-gift-sets","8":"first","9":"instock","10":"taxable","11":"shipping-taxable","12":"purchasable","13":"product-type-simple"},"_links":{"self":[{"href":"https:\/\/nishane.com\/fr\/wp-json\/wp\/v2\/product\/17411","targetHints":{"allow":["GET"]}}],"collection":[{"href":"https:\/\/nishane.com\/fr\/wp-json\/wp\/v2\/product"}],"about":[{"href":"https:\/\/nishane.com\/fr\/wp-json\/wp\/v2\/types\/product"}],"replies":[{"embeddable":true,"href":"https:\/\/nishane.com\/fr\/wp-json\/wp\/v2\/comments?post=17411"}],"version-history":[{"count":3,"href":"https:\/\/nishane.com\/fr\/wp-json\/wp\/v2\/product\/17411\/revisions"}],"predecessor-version":[{"id":17415,"href":"https:\/\/nishane.com\/fr\/wp-json\/wp\/v2\/product\/17411\/revisions\/17415"}],"wp:featuredmedia":[{"embeddable":true,"href":"https:\/\/nishane.com\/fr\/wp-json\/wp\/v2\/media\/17413"}],"wp:attachment":[{"href":"https:\/\/nishane.com\/fr\/wp-json\/wp\/v2\/media?parent=17411"}],"wp:term":[{"taxonomy":"product_brand","embeddable":true,"href":"https:\/\/nishane.com\/fr\/wp-json\/wp\/v2\/product_brand?post=17411"},{"taxonomy":"product_cat","embeddable":true,"href":"https:\/\/nishane.com\/fr\/wp-json\/wp\/v2\/product_cat?post=17411"},{"taxonomy":"product_tag","embeddable":true,"href":"https:\/\/nishane.com\/fr\/wp-json\/wp\/v2\/product_tag?post=17411"}],"curies":[{"name":"wp","href":"https:\/\/api.w.org\/{rel}","templated":true}]}}