{"id":12682,"date":"2023-04-12T10:00:08","date_gmt":"2023-04-12T10:00:08","guid":{"rendered":"https:\/\/nishane.com\/?post_type=product&#038;p=12682"},"modified":"2026-03-03T14:22:27","modified_gmt":"2026-03-03T14:22:27","slug":"discovery-set-the-x-collection","status":"publish","type":"product","link":"https:\/\/nishane.com\/fr\/produit\/discovery-set-the-x-collection\/","title":{"rendered":"COFFRET D\u00c9COUVERTE THE X COLLECTION"},"content":{"rendered":"","protected":false},"excerpt":{"rendered":"<p class=\"p1\"><span class=\"s1\"><b>Contient un \u00e9chantillon 2ml des parfums suivants :<br \/>\n<\/b>HACIVAT X &#8211; ANI X &#8211; HUNDRED SILENT WAYS X &#8211; FAN YOUR FLAMES X &#8211; W\u016aL\u00d3NG CH\u00c1 X &#8211; TUBER<\/span>\u00d3ZA X<\/p>\n<p class=\"p1\">Immergez-vous dans l'essence de Nishane et red\u00e9couvrez nos parfums iconiques r\u00e9invent\u00e9s.<\/p>\n<p class=\"p1\"><span class=\"s1\"><b>Extrait de Parfum<br \/>\n<\/b>6&#215;2 ml \u212e 6&#215;0.067 FL.OZ. SPRAY<\/span><\/p>","protected":false},"featured_media":24807,"comment_status":"closed","ping_status":"closed","template":"","meta":[],"product_brand":[],"product_cat":[112,72,174],"product_tag":[176],"class_list":{"0":"post-12682","1":"product","2":"type-product","3":"status-publish","4":"has-post-thumbnail","6":"product_cat-discovery","7":"product_cat-perfumes","8":"product_cat-the-x-collection","9":"product_tag-the-x-collection","11":"first","12":"instock","13":"taxable","14":"shipping-taxable","15":"purchasable","16":"product-type-simple"},"_links":{"self":[{"href":"https:\/\/nishane.com\/fr\/wp-json\/wp\/v2\/product\/12682","targetHints":{"allow":["GET"]}}],"collection":[{"href":"https:\/\/nishane.com\/fr\/wp-json\/wp\/v2\/product"}],"about":[{"href":"https:\/\/nishane.com\/fr\/wp-json\/wp\/v2\/types\/product"}],"replies":[{"embeddable":true,"href":"https:\/\/nishane.com\/fr\/wp-json\/wp\/v2\/comments?post=12682"}],"version-history":[{"count":8,"href":"https:\/\/nishane.com\/fr\/wp-json\/wp\/v2\/product\/12682\/revisions"}],"predecessor-version":[{"id":24814,"href":"https:\/\/nishane.com\/fr\/wp-json\/wp\/v2\/product\/12682\/revisions\/24814"}],"wp:featuredmedia":[{"embeddable":true,"href":"https:\/\/nishane.com\/fr\/wp-json\/wp\/v2\/media\/24807"}],"wp:attachment":[{"href":"https:\/\/nishane.com\/fr\/wp-json\/wp\/v2\/media?parent=12682"}],"wp:term":[{"taxonomy":"product_brand","embeddable":true,"href":"https:\/\/nishane.com\/fr\/wp-json\/wp\/v2\/product_brand?post=12682"},{"taxonomy":"product_cat","embeddable":true,"href":"https:\/\/nishane.com\/fr\/wp-json\/wp\/v2\/product_cat?post=12682"},{"taxonomy":"product_tag","embeddable":true,"href":"https:\/\/nishane.com\/fr\/wp-json\/wp\/v2\/product_tag?post=12682"}],"curies":[{"name":"wp","href":"https:\/\/api.w.org\/{rel}","templated":true}]}}