{"id":4400,"date":"2021-10-12T15:51:09","date_gmt":"2021-10-12T15:51:09","guid":{"rendered":"http:\/\/dummy.xtemos.com\/woodmart2\/elementor\/?page_id=4400"},"modified":"2025-05-15T13:48:23","modified_gmt":"2025-05-15T13:48:23","slug":"about","status":"publish","type":"page","link":"https:\/\/nishane.com\/fr\/about\/","title":{"rendered":"Notre histoire"},"content":{"rendered":"<div data-elementor-type=\"wp-page\" data-elementor-id=\"4400\" class=\"elementor elementor-4400\">\n\t\t\t\t\t\t<section class=\"wd-negative-gap elementor-section elementor-top-section elementor-element elementor-element-3c548bca elementor-section-boxed elementor-section-height-default elementor-section-height-default\" data-id=\"3c548bca\" data-element_type=\"section\" data-e-type=\"section\">\n\t\t\t\t\t\t<div class=\"elementor-container elementor-column-gap-default\">\n\t\t\t\t\t<div class=\"elementor-column elementor-col-50 elementor-top-column elementor-element elementor-element-1d354ed7\" data-id=\"1d354ed7\" data-element_type=\"column\" data-e-type=\"column\">\n\t\t\t<div class=\"elementor-widget-wrap elementor-element-populated\">\n\t\t\t\t\t\t<div class=\"elementor-element elementor-element-3b8f1c6 elementor-widget__width-initial elementor-widget elementor-widget-wd_image_or_svg\" data-id=\"3b8f1c6\" data-element_type=\"widget\" data-e-type=\"widget\" data-widget_type=\"wd_image_or_svg.default\">\n\t\t\t\t<div class=\"elementor-widget-container\">\n\t\t\t\t\t\n\t\t<div class=\"wd-image text-left\">\n\t\t\t\t\t\t\t\t<img loading=\"lazy\" decoding=\"async\" width=\"1536\" height=\"1536\" src=\"https:\/\/nishane.com\/wp-content\/uploads\/2024\/11\/Nishane-c-Julien-Mouffron-Gardner-71-1-scaled-1536x1536.jpg\" class=\"attachment-1536x1536 size-1536x1536\" alt=\"\" srcset=\"https:\/\/nishane.com\/wp-content\/uploads\/2024\/11\/Nishane-c-Julien-Mouffron-Gardner-71-1-scaled-1536x1536.jpg 1536w, https:\/\/nishane.com\/wp-content\/uploads\/2024\/11\/Nishane-c-Julien-Mouffron-Gardner-71-1-150x150.jpg 150w\" sizes=\"auto, (max-width: 1536px) 100vw, 1536px\" \/>\t\t\t\t\t<\/div>\n\n\t\t\t\t\t\t<\/div>\n\t\t\t\t<\/div>\n\t\t\t\t\t<\/div>\n\t\t<\/div>\n\t\t\t\t<div class=\"elementor-column elementor-col-50 elementor-top-column elementor-element elementor-element-7a9daa7\" data-id=\"7a9daa7\" data-element_type=\"column\" data-e-type=\"column\">\n\t\t\t<div class=\"elementor-widget-wrap elementor-element-populated\">\n\t\t\t\t\t\t<div class=\"elementor-element elementor-element-18566191 wd-width-100 elementor-widget elementor-widget-wd_title\" data-id=\"18566191\" data-element_type=\"widget\" data-e-type=\"widget\" data-widget_type=\"wd_title.default\">\n\t\t\t\t<div class=\"elementor-widget-container\">\n\t\t\t\t\t\t\t<div class=\"title-wrapper wd-set-mb reset-last-child wd-title-color-primary wd-title-style-default wd-title-size-large text-left\">\n\n\t\t\t\n\t\t\t<div class=\"liner-continer\">\n\t\t\t\t<h4 class=\"woodmart-title-container title wd-fontsize-xxl\">Notre Histoire<\/h4> \n\t\t\t\t\t\t\t<\/div>\n\n\t\t\t\t\t<\/div>\n\t\t\t\t\t\t<\/div>\n\t\t\t\t<\/div>\n\t\t\t\t<div class=\"elementor-element elementor-element-cf34ae6 elementor-widget elementor-widget-wd_text_block\" data-id=\"cf34ae6\" data-element_type=\"widget\" data-e-type=\"widget\" data-widget_type=\"wd_text_block.default\">\n\t\t\t\t<div class=\"elementor-widget-container\">\n\t\t\t\t\t\t\t<div class=\"wd-text-block reset-last-child text-left\">\n\t\t\t\n\t\t\t<p class=\"font_8\"><span class=\"color_12\"><span class=\"backcolor_15\">NISHANE est l'unique et premi\u00e8re Maison de parfumerie de niche fond\u00e9e \u00e0 Istanbul. Son approche de l'art olfactif, dont t\u00e9moignent chacune de ses cr\u00e9ations, a depuis \u00e9t\u00e9 c\u00e9l\u00e9br\u00e9e dans le monde entier.<\/span><\/span><\/p><p class=\"font_8\"><span class=\"color_12\"><span class=\"backcolor_15\">Inspir\u00e9 par les traditions enracin\u00e9es, la vision moderne et la structure cosmopolite d'Istanbul qui a accueilli tant de civilisations, NISHANE est pr\u00eat \u00e0 \u00eatre l'indicateur de la valeur que vous accordez \u00e0 vous-m\u00eame et \u00e0 vos proches avec des parfums uniques et sophistiqu\u00e9s et la touche \u00e9l\u00e9gante de ses collections artistiques con\u00e7ues avec le plus grand soin. Il s'agit d'une offre de sens de l'exclusivit\u00e9 d\u00e9rivant d'une culture enracin\u00e9e. \u00a0<\/span><\/span><\/p><p class=\"font_8\"><span class=\"color_12\"><span class=\"backcolor_15\">Sachant qu'un d\u00e9licat parfum a la capacit\u00e9 d'\u00e9veiller des souvenirs pr\u00e9cieux et des sentiments \u00e9clairants, NISHANE <\/span><\/span><span class=\"color_12\"><span class=\"backcolor_15\">pr\u00e9sente avec fiert\u00e9 ses collections au monde entier et se r\u00e9jouit de constater que l'on n'a jamais cess\u00e9 de lui faire confiance.\u00a0<\/span>La maison a \u00e9t\u00e9 reconnue par les amateurs de parfums du monde entier, ce qui en a fait l'une des marques de parfums de niche les plus c\u00e9l\u00e8bres, les plus r\u00e9pandues et les plus vendues au monde.<\/span><\/p>\n\t\t\t\t\t<\/div>\n\t\t\t\t\t\t<\/div>\n\t\t\t\t<\/div>\n\t\t\t\t\t<\/div>\n\t\t<\/div>\n\t\t\t\t\t<\/div>\n\t\t<\/section>\n\t\t\t\t<section class=\"wd-negative-gap elementor-section elementor-top-section elementor-element elementor-element-05dcd1a elementor-section-content-middle elementor-section-boxed elementor-section-height-default elementor-section-height-default\" data-id=\"05dcd1a\" data-element_type=\"section\" data-e-type=\"section\">\n\t\t\t\t\t\t<div class=\"elementor-container elementor-column-gap-default\">\n\t\t\t\t\t<div class=\"elementor-column elementor-col-50 elementor-top-column elementor-element elementor-element-aeaad6d\" data-id=\"aeaad6d\" data-element_type=\"column\" data-e-type=\"column\">\n\t\t\t<div class=\"elementor-widget-wrap elementor-element-populated\">\n\t\t\t\t\t\t<div class=\"elementor-element elementor-element-bca9ef0 elementor-widget__width-initial elementor-widget elementor-widget-wd_text_block\" data-id=\"bca9ef0\" data-element_type=\"widget\" data-e-type=\"widget\" data-widget_type=\"wd_text_block.default\">\n\t\t\t\t<div class=\"elementor-widget-container\">\n\t\t\t\t\t\t\t<div class=\"wd-text-block reset-last-child text-left\">\n\t\t\t\n\t\t\t<p>\u00a0<\/p><p class=\"font_8\"><span class=\"color_12\"><span class=\"backcolor_15\">Chaque parfum NISHANE est con\u00e7u pour rendre hommage \u00e0 diff\u00e9rentes \u00e9motions et humeurs afin de garantir des moments inoubliables. NISHANE consid\u00e8re la cr\u00e9ation de parfums comme une forme d'art importante et acquiert une grande r\u00e9putation en\u00a0<\/span>raconter des histoires avec des parfums. La \u00ab Collection Rumi \u00bb, inspir\u00e9e des citations de Mevl\u00e2n\u00e2 Cel\u00e2ledd\u00een-i R\u00fbm\u00ee, la \u00ab Trilogie du jeu d'ombres \u00bb, inspir\u00e9e du jeu d'ombres traditionnel \u00e9galement connu sous le nom de \u00ab Karag\u00f6z &amp; Hacivat \u00bb, la \u00ab Collection Imaginative \u00bb, inspir\u00e9e du roman \u00ab Le Petit Prince \u00bb, et la \u00ab Collection No Boundaries \u00bb, con\u00e7ue pour transmettre le message d'espoir de supprimer toutes les fronti\u00e8res \u00e9motionnelles entre les peuples du monde, sont des exemples de la narration d'histoires par les parfums. Non seulement NISHANE raconte des histoires avec ces collections, mais de nombreux parfums de ces collections ont commenc\u00e9 \u00e0 \u00eatre d\u00e9finis comme des \u00ab parfums embl\u00e9matiques \u00bb par beaucoup, comme HACIVAT, ANI, HUNDRED SILENT WAYS, FAN YOUR FLAMES, etc. \u00a0<\/span><span class=\"color_12\"><span class=\"wixGuard\">\u200b<\/span><\/span><\/p><p class=\"font_8\"><span class=\"color_12\">NISHANE signifie marque, signe ou symbole. NISHANE est pr\u00eat \u00e0 \u00eatre le symbole (ni\u015fane) de la valeur que vous vous accordez et que vous accordez \u00e0 vos proches avec des parfums uniques et sophistiqu\u00e9s et la touche \u00e9l\u00e9gante de ses collections artistiques con\u00e7ues avec le plus grand soin.<\/span><\/p>\n\t\t\t\t\t<\/div>\n\t\t\t\t\t\t<\/div>\n\t\t\t\t<\/div>\n\t\t\t\t\t<\/div>\n\t\t<\/div>\n\t\t\t\t<div class=\"elementor-column elementor-col-50 elementor-top-column elementor-element elementor-element-04e7bbb\" data-id=\"04e7bbb\" data-element_type=\"column\" data-e-type=\"column\">\n\t\t\t<div class=\"elementor-widget-wrap elementor-element-populated\">\n\t\t\t\t\t\t<div class=\"elementor-element elementor-element-c375358 elementor-widget__width-initial elementor-widget elementor-widget-wd_image_or_svg\" data-id=\"c375358\" data-element_type=\"widget\" data-e-type=\"widget\" data-widget_type=\"wd_image_or_svg.default\">\n\t\t\t\t<div class=\"elementor-widget-container\">\n\t\t\t\t\t\n\t\t<div class=\"wd-image text-left\">\n\t\t\t\t\t\t\t\t<img loading=\"lazy\" decoding=\"async\" width=\"2560\" height=\"1708\" src=\"https:\/\/nishane.com\/wp-content\/uploads\/2024\/11\/DSC0816-copy-scaled.jpg\" class=\"attachment-full size-full\" alt=\"\" srcset=\"https:\/\/nishane.com\/wp-content\/uploads\/2024\/11\/DSC0816-copy-scaled.jpg 2560w, https:\/\/nishane.com\/wp-content\/uploads\/2024\/11\/DSC0816-copy-400x267.jpg 400w, https:\/\/nishane.com\/wp-content\/uploads\/2024\/11\/DSC0816-copy-1199x800.jpg 1199w, https:\/\/nishane.com\/wp-content\/uploads\/2024\/11\/DSC0816-copy-768x512.jpg 768w, https:\/\/nishane.com\/wp-content\/uploads\/2024\/11\/DSC0816-copy-2048x1366.jpg 2048w, https:\/\/nishane.com\/wp-content\/uploads\/2024\/11\/DSC0816-copy-1000x667.jpg 1000w, https:\/\/nishane.com\/wp-content\/uploads\/2024\/11\/DSC0816-copy-150x100.jpg 150w\" sizes=\"auto, (max-width: 2560px) 100vw, 2560px\" \/>\t\t\t\t\t<\/div>\n\n\t\t\t\t\t\t<\/div>\n\t\t\t\t<\/div>\n\t\t\t\t\t<\/div>\n\t\t<\/div>\n\t\t\t\t\t<\/div>\n\t\t<\/section>\n\t\t\t\t<section class=\"wd-negative-gap elementor-section elementor-top-section elementor-element elementor-element-8b81ed2 elementor-section-boxed elementor-section-height-default elementor-section-height-default\" data-id=\"8b81ed2\" data-element_type=\"section\" data-e-type=\"section\" data-settings=\"{&quot;background_background&quot;:&quot;classic&quot;}\">\n\t\t\t\t\t\t<div class=\"elementor-container elementor-column-gap-default\">\n\t\t\t\t\t<div class=\"elementor-column elementor-col-100 elementor-top-column elementor-element elementor-element-b32941b\" data-id=\"b32941b\" data-element_type=\"column\" data-e-type=\"column\">\n\t\t\t<div class=\"elementor-widget-wrap elementor-element-populated\">\n\t\t\t\t\t\t<div class=\"elementor-element elementor-element-08bc746 wd-width-100 elementor-widget elementor-widget-wd_title\" data-id=\"08bc746\" data-element_type=\"widget\" data-e-type=\"widget\" data-widget_type=\"wd_title.default\">\n\t\t\t\t<div class=\"elementor-widget-container\">\n\t\t\t\t\t\t\t<div class=\"title-wrapper wd-set-mb reset-last-child wd-title-color-primary wd-title-style-default wd-title-size-large text-center\">\n\n\t\t\t\n\t\t\t<div class=\"liner-continer\">\n\t\t\t\t<h4 class=\"woodmart-title-container title wd-fontsize-xxl\">Nous trouver<\/h4> \n\t\t\t\t\t\t\t<\/div>\n\n\t\t\t\t\t<\/div>\n\t\t\t\t\t\t<\/div>\n\t\t\t\t<\/div>\n\t\t\t\t<div class=\"elementor-element elementor-element-991d984 elementor-widget elementor-widget-wd_text_block\" data-id=\"991d984\" data-element_type=\"widget\" data-e-type=\"widget\" data-widget_type=\"wd_text_block.default\">\n\t\t\t\t<div class=\"elementor-widget-container\">\n\t\t\t\t\t\t\t<div class=\"wd-text-block reset-last-child text-center\">\n\t\t\t\n\t\t\t<p class=\"p1\">For information regarding our authorized points of sale around the world, please contact us through <a href=\"mailto:info@nishane.com\">info@nishane.com<\/a><\/p>\n\t\t\t\t\t<\/div>\n\t\t\t\t\t\t<\/div>\n\t\t\t\t<\/div>\n\t\t\t\t\t<\/div>\n\t\t<\/div>\n\t\t\t\t\t<\/div>\n\t\t<\/section>\n\t\t\t\t<\/div>","protected":false},"excerpt":{"rendered":"<p>About NISHANE NISHANE is the first and only Istanbul based niche perfume brand that is celebrated globally with an exceptional<\/p>","protected":false},"author":1,"featured_media":0,"parent":0,"menu_order":0,"comment_status":"closed","ping_status":"closed","template":"","meta":{"footnotes":""},"class_list":["post-4400","page","type-page","status-publish","hentry"],"_links":{"self":[{"href":"https:\/\/nishane.com\/fr\/wp-json\/wp\/v2\/pages\/4400","targetHints":{"allow":["GET"]}}],"collection":[{"href":"https:\/\/nishane.com\/fr\/wp-json\/wp\/v2\/pages"}],"about":[{"href":"https:\/\/nishane.com\/fr\/wp-json\/wp\/v2\/types\/page"}],"author":[{"embeddable":true,"href":"https:\/\/nishane.com\/fr\/wp-json\/wp\/v2\/users\/1"}],"replies":[{"embeddable":true,"href":"https:\/\/nishane.com\/fr\/wp-json\/wp\/v2\/comments?post=4400"}],"version-history":[{"count":71,"href":"https:\/\/nishane.com\/fr\/wp-json\/wp\/v2\/pages\/4400\/revisions"}],"predecessor-version":[{"id":30459,"href":"https:\/\/nishane.com\/fr\/wp-json\/wp\/v2\/pages\/4400\/revisions\/30459"}],"wp:attachment":[{"href":"https:\/\/nishane.com\/fr\/wp-json\/wp\/v2\/media?parent=4400"}],"curies":[{"name":"wp","href":"https:\/\/api.w.org\/{rel}","templated":true}]}}