{"id":27930,"date":"2025-04-11T07:24:34","date_gmt":"2025-04-11T07:24:34","guid":{"rendered":"https:\/\/nishane.com\/?page_id=27930"},"modified":"2025-04-11T07:26:23","modified_gmt":"2025-04-11T07:26:23","slug":"privacy-policy","status":"publish","type":"page","link":"https:\/\/nishane.com\/fr\/privacy-policy\/","title":{"rendered":"Politique de Confidentialit\u00e9"},"content":{"rendered":"\t\t<div data-elementor-type=\"wp-page\" data-elementor-id=\"27930\" class=\"elementor elementor-27930\">\n\t\t\t\t\t\t<section class=\"wd-negative-gap elementor-section elementor-top-section elementor-element elementor-element-4067aac elementor-section-boxed elementor-section-height-default elementor-section-height-default\" data-id=\"4067aac\" data-element_type=\"section\" data-e-type=\"section\" data-no-translation=\"\">\n\t\t\t\t\t\t<div class=\"elementor-container elementor-column-gap-default\">\n\t\t\t\t\t<div class=\"elementor-column elementor-col-100 elementor-top-column elementor-element elementor-element-663cd0c\" data-id=\"663cd0c\" data-element_type=\"column\" data-e-type=\"column\">\n\t\t\t<div class=\"elementor-widget-wrap elementor-element-populated\">\n\t\t\t\t\t\t<div class=\"elementor-element elementor-element-9a9f6b7 color-scheme-inherit text-left elementor-widget elementor-widget-text-editor\" data-id=\"9a9f6b7\" data-element_type=\"widget\" data-e-type=\"widget\" data-widget_type=\"text-editor.default\">\n\t\t\t\t<div class=\"elementor-widget-container\">\n\t\t\t\t\t\t\t\t\t\n<p><strong>Politique de Confidentialit\u00e9 de Nishane France<\/strong><\/p>\n\n<ol class=\"wp-block-list\">\n<li><strong>Introduction<\/strong><\/li>\n<\/ol>\n\n<p>Chez Nishane France, nous prenons au s\u00e9rieux la protection de vos donn\u00e9es personnelles. Cette politique explique comment nous collectons, utilisons, et partageons vos informations personnelles dans notre boutique.<\/p>\n\n<p><strong>2. Collecte des donn\u00e9es personnelles: Les donn\u00e9es suivantes peuvent \u00eatre collect\u00e9es lors de votre visite en magasin<\/strong><\/p>\n\n<ul class=\"wp-block-list\">\n<li>Donn\u00e9es de base : Nom, civilit\u00e9, \u00e2ge, date de naissance, genre.<\/li>\n\n<li>Coordonn\u00e9es : Adresse postale, adresse \u00e9lectronique, num\u00e9ros de t\u00e9l\u00e9phone.<\/li>\n\n<li>Donn\u00e9es d\u2019achat : D\u00e9tails des achats effectu\u00e9s, montant des achats, historique des commandes.<\/li>\n\n<li>Donn\u00e9es de fid\u00e9lisation : Num\u00e9ro de carte de fid\u00e9lit\u00e9 et historique des transactions associ\u00e9es.<\/li>\n\n<li>Images : Enregistrements des cam\u00e9ras de vid\u00e9osurveillance pour la s\u00e9curit\u00e9 des personnes et des biens.<\/li>\n<\/ul>\n\n<p><strong>3. Utilisation des donn\u00e9es<\/strong><\/p>\n\n<p>Vos donn\u00e9es sont utilis\u00e9es pour:<\/p>\n\n<ul class=\"wp-block-list\">\n<li>G\u00e9rer les transactions de vente et les retours.<\/li>\n\n<li>Administrer et offrir des avantages via notre programme de fid\u00e9lit\u00e9.<\/li>\n\n<li>Am\u00e9liorer nos services et votre exp\u00e9rience en magasin.<\/li>\n\n<li>Assurer la s\u00e9curit\u00e9 des clients et des employ\u00e9s via la vid\u00e9osurveillance.<\/li>\n<\/ul>\n\n<p><strong>4. Partage des donn\u00e9es<\/strong><\/p>\n\n<p>Nous partageons vos donn\u00e9es uniquement avec :<\/p>\n\n<ul class=\"wp-block-list\">\n<li>Fournisseurs de services : Tels que des prestataires de services de paiement et de s\u00e9curit\u00e9, sous condition qu&#8217;ils ne puissent utiliser vos donn\u00e9es \u00e0 d&#8217;autres fins.<\/li>\n<\/ul>\n\n<ul class=\"wp-block-list\">\n<li>Autorit\u00e9s l\u00e9gales : En cas de demande conforme \u00e0 la loi, comme pour les enqu\u00eates de police ou autres requ\u00eates l\u00e9gales.<\/li>\n<\/ul>\n\n<p><strong>5. S\u00e9curit\u00e9 des donn\u00e9es<\/strong><\/p>\n\n<p>Des mesures de s\u00e9curit\u00e9 strictes sont mises en place pour prot\u00e9ger vos donn\u00e9es contre l&#8217;acc\u00e8s non autoris\u00e9, l&#8217;alt\u00e9ration, la divulgation ou la destruction.<\/p>\n\n<p><strong>6. Vos droits<\/strong><\/p>\n\n<p>Conform\u00e9ment \u00e0 la r\u00e9glementation en vigueur, vous disposez des droits suivants concernant vos donn\u00e9es personnelles :<\/p>\n\n<ul class=\"wp-block-list\">\n<li>Acc\u00e8s et copie de vos donn\u00e9es.<\/li>\n\n<li>Rectification de donn\u00e9es inexactes.<\/li>\n\n<li>Effacement de vos donn\u00e9es dans certains cas.<\/li>\n\n<li>Opposition au traitement bas\u00e9 sur nos int\u00e9r\u00eats l\u00e9gitimes, notamment pour le marketing direct.<\/li>\n\n<li>Limitation du traitement de vos donn\u00e9es.<\/li>\n\n<li>Portabilit\u00e9 de vos donn\u00e9es vers un autre contr\u00f4leur de donn\u00e9es.<\/li>\n\n<li>Retrait de votre consentement pour des traitements futurs, affectant uniquement les traitements bas\u00e9s sur le consentement.<\/li>\n<\/ul>\n\n<p>Pour exercer ces droits, ou pour toute question, veuillez contacter notre service client\u00e8le \u00e0 l&#8217;adresse suivante : 266 rue Saint-Honor\u00e9, 75001 Paris, France, ou par email \u00e0 [adresse email].<\/p>\n\n<p><strong>7. Modifications<\/strong><\/p>\n\n<p>Cette politique de confidentialit\u00e9 peut \u00eatre mise \u00e0 jour pour refl\u00e9ter les changements dans nos pratiques ou des \u00e9volutions l\u00e9gislatives.<\/p>\n\n<p><strong>8. Contact<\/strong><\/p>\n\n<p>Pour toute question relative \u00e0 cette politique ou \u00e0 vos donn\u00e9es personnelles, n&#8217;h\u00e9sitez pas \u00e0 contacter notre service client\u00e8le aux coordonn\u00e9es pr\u00e9cit\u00e9es.<\/p>\n\t\t\t\t\t\t\t\t<\/div>\n\t\t\t\t<\/div>\n\t\t\t\t\t<\/div>\n\t\t<\/div>\n\t\t\t\t\t<\/div>\n\t\t<\/section>\n\t\t\t\t<\/div>\n\t\t","protected":false},"excerpt":{"rendered":"<p>nishane.com respects your privacy and wants you to understand our privacy policy. This Privacy Policy page communicates how, when, and<\/p>","protected":false},"author":1,"featured_media":0,"parent":0,"menu_order":0,"comment_status":"closed","ping_status":"closed","template":"","meta":{"footnotes":""},"class_list":["post-27930","page","type-page","status-publish","hentry"],"_links":{"self":[{"href":"https:\/\/nishane.com\/fr\/wp-json\/wp\/v2\/pages\/27930","targetHints":{"allow":["GET"]}}],"collection":[{"href":"https:\/\/nishane.com\/fr\/wp-json\/wp\/v2\/pages"}],"about":[{"href":"https:\/\/nishane.com\/fr\/wp-json\/wp\/v2\/types\/page"}],"author":[{"embeddable":true,"href":"https:\/\/nishane.com\/fr\/wp-json\/wp\/v2\/users\/1"}],"replies":[{"embeddable":true,"href":"https:\/\/nishane.com\/fr\/wp-json\/wp\/v2\/comments?post=27930"}],"version-history":[{"count":5,"href":"https:\/\/nishane.com\/fr\/wp-json\/wp\/v2\/pages\/27930\/revisions"}],"predecessor-version":[{"id":27935,"href":"https:\/\/nishane.com\/fr\/wp-json\/wp\/v2\/pages\/27930\/revisions\/27935"}],"wp:attachment":[{"href":"https:\/\/nishane.com\/fr\/wp-json\/wp\/v2\/media?parent=27930"}],"curies":[{"name":"wp","href":"https:\/\/api.w.org\/{rel}","templated":true}]}}