{"id":10094,"date":"2022-09-21T11:24:23","date_gmt":"2022-09-21T11:24:23","guid":{"rendered":"https:\/\/nishane.com\/?page_id=10094"},"modified":"2022-09-21T11:25:26","modified_gmt":"2022-09-21T11:25:26","slug":"scented-candle","status":"publish","type":"page","link":"https:\/\/nishane.com\/fr\/scented-candle\/","title":{"rendered":"Bougie parfum\u00e9e"},"content":{"rendered":"\t\t<div data-elementor-type=\"wp-page\" data-elementor-id=\"10094\" class=\"elementor elementor-10094\">\n\t\t\t\t\t\t<section class=\"wd-negative-gap elementor-section elementor-top-section elementor-element elementor-element-6841edc elementor-section-boxed elementor-section-height-default elementor-section-height-default\" data-id=\"6841edc\" data-element_type=\"section\" data-e-type=\"section\">\n\t\t\t\t\t\t<div class=\"elementor-container elementor-column-gap-default\">\n\t\t\t\t\t<div class=\"elementor-column elementor-col-100 elementor-top-column elementor-element elementor-element-b424222\" data-id=\"b424222\" data-element_type=\"column\" data-e-type=\"column\">\n\t\t\t<div class=\"elementor-widget-wrap elementor-element-populated\">\n\t\t\t\t\t\t<div class=\"elementor-element elementor-element-5ee8db6 wd-width-100 elementor-widget elementor-widget-wd_products\" data-id=\"5ee8db6\" data-element_type=\"widget\" data-e-type=\"widget\" data-widget_type=\"wd_products.default\">\n\t\t\t\t<div class=\"elementor-widget-container\">\n\t\t\t\t\t\t\t\t\t\t<div class=\"wd-products-element\">\n\n\t\t\t\n\t\t\t\n\t\t\t\n\t\t\t<div class=\"products wd-products grid-columns-4 elements-grid wd-grid-g wd-loop-builder-off\" data-paged=\"1\" data-atts=\"{&quot;speed&quot;:null,&quot;slides_per_view&quot;:null,&quot;wrap&quot;:null,&quot;autoplay&quot;:null,&quot;autoheight&quot;:null,&quot;hide_pagination_control&quot;:null,&quot;dynamic_pagination_control&quot;:null,&quot;hide_prev_next_buttons&quot;:null,&quot;carousel_arrows_position&quot;:null,&quot;hide_scrollbar&quot;:null,&quot;scroll_per_page&quot;:null,&quot;center_mode&quot;:null,&quot;spacing&quot;:&quot;30&quot;,&quot;carousel_sync&quot;:null,&quot;sync_parent_id&quot;:null,&quot;sync_child_id&quot;:null,&quot;scroll_carousel_init&quot;:null,&quot;disable_overflow_carousel&quot;:null,&quot;include&quot;:null,&quot;taxonomies&quot;:[&quot;162&quot;],&quot;meta_key&quot;:null,&quot;shop_tools&quot;:null,&quot;ajax_recently_viewed&quot;:null,&quot;pagination_arrows_position&quot;:null,&quot;list_spacing&quot;:null,&quot;columns&quot;:{&quot;unit&quot;:&quot;px&quot;,&quot;size&quot;:4,&quot;sizes&quot;:[]},&quot;products_masonry&quot;:&quot;&quot;,&quot;products_different_sizes&quot;:&quot;&quot;,&quot;product_quantity&quot;:&quot;&quot;,&quot;product_custom_hover&quot;:null,&quot;sale_countdown&quot;:&quot;0&quot;,&quot;stretch_product&quot;:null,&quot;stock_progress_bar&quot;:&quot;0&quot;,&quot;highlighted_products&quot;:&quot;0&quot;,&quot;products_divider&quot;:null,&quot;products_bordered_grid&quot;:&quot;0&quot;,&quot;products_bordered_grid_style&quot;:null,&quot;products_with_background&quot;:&quot;0&quot;,&quot;products_shadow&quot;:&quot;0&quot;,&quot;img_size&quot;:&quot;large&quot;,&quot;img_size_custom&quot;:null,&quot;grid_gallery_control&quot;:null,&quot;grid_gallery_enable_arrows&quot;:null,&quot;elementor&quot;:true,&quot;force_not_ajax&quot;:&quot;no&quot;}\" data-source=\"shortcode\" data-columns=\"4\" style=\"--wd-col-lg:4;--wd-col-md:4;--wd-col-sm:2;--wd-gap-lg:30px;--wd-gap-sm:10px;\">\n\t\t\n\t\t\t\t\t\t\t\t<div class=\"wd-product wd-col wd-hover-quick product-grid-item product type-product post-9921 status-publish instock product_cat-home-collection product_cat-scented-candle-with-lid product_cat-the-doors-collection has-post-thumbnail taxable shipping-taxable purchasable product-type-simple\" data-loop=\"1\" data-id=\"9921\">\n\t\n<div class=\"wd-product-wrapper product-wrapper\">\n\t<div class=\"wd-product-thumb product-element-top wd-quick-shop\">\n\t\t<a href=\"https:\/\/nishane.com\/fr\/produit\/british-black-pepper-scented-candle\/\" class=\"wd-product-img-link product-image-link\" tabindex=\"-1\" aria-label=\"BRITISH BLACK PEPPER\">\n\t\t\t<img loading=\"lazy\" decoding=\"async\" width=\"533\" height=\"800\" src=\"https:\/\/nishane.com\/wp-content\/uploads\/2022\/09\/mum_web-01-533x800.jpg\" class=\"attachment-large size-large\" alt=\"\" srcset=\"https:\/\/nishane.com\/wp-content\/uploads\/2022\/09\/mum_web-01-533x800.jpg 533w, https:\/\/nishane.com\/wp-content\/uploads\/2022\/09\/mum_web-01-200x300.jpg 200w, https:\/\/nishane.com\/wp-content\/uploads\/2022\/09\/mum_web-01-768x1152.jpg 768w, https:\/\/nishane.com\/wp-content\/uploads\/2022\/09\/mum_web-01-1024x1536.jpg 1024w, https:\/\/nishane.com\/wp-content\/uploads\/2022\/09\/mum_web-01-1000x1500.jpg 1000w, https:\/\/nishane.com\/wp-content\/uploads\/2022\/09\/mum_web-01-150x225.jpg 150w, https:\/\/nishane.com\/wp-content\/uploads\/2022\/09\/mum_web-01.jpg 1067w\" sizes=\"auto, (max-width: 533px) 100vw, 533px\" \/>\t\t<\/a>\n\n\t\t\t\t\t<div class=\"wd-product-img-hover hover-img\">\n\t\t\t\t<img loading=\"lazy\" decoding=\"async\" width=\"534\" height=\"800\" src=\"https:\/\/nishane.com\/wp-content\/uploads\/2022\/09\/mum_web-02-534x800.jpg\" class=\"attachment-large size-large\" alt=\"\" srcset=\"https:\/\/nishane.com\/wp-content\/uploads\/2022\/09\/mum_web-02-534x800.jpg 534w, https:\/\/nishane.com\/wp-content\/uploads\/2022\/09\/mum_web-02-200x300.jpg 200w, https:\/\/nishane.com\/wp-content\/uploads\/2022\/09\/mum_web-02-768x1151.jpg 768w, https:\/\/nishane.com\/wp-content\/uploads\/2022\/09\/mum_web-02-1025x1536.jpg 1025w, https:\/\/nishane.com\/wp-content\/uploads\/2022\/09\/mum_web-02-1000x1499.jpg 1000w, https:\/\/nishane.com\/wp-content\/uploads\/2022\/09\/mum_web-02-150x225.jpg 150w, https:\/\/nishane.com\/wp-content\/uploads\/2022\/09\/mum_web-02.jpg 1068w\" sizes=\"auto, (max-width: 534px) 100vw, 534px\" \/>\t\t\t<\/div>\n\t\t\t\t\t<div class=\"wd-buttons wd-pos-r-t\">\n\t\t\t\t\t\t\t\t\t\t\t<div class=\"wd-quick-view-btn wd-quick-view-icon wd-action-btn wd-style-icon\">\n\t\t\t<a\n\t\t\t\thref=\"https:\/\/nishane.com\/fr\/produit\/british-black-pepper-scented-candle\/\"\n\t\t\t\tclass=\"open-quick-view\"\n\t\t\t\trel=\"nofollow\"\n\t\t\t\tdata-id=\"9921\"\n\t\t\t\t>\n\t\t\t\t\t<span class=\"wd-action-icon\"><\/span>\n\t\t\t\t\t<span class=\"wd-action-text\">\n\t\t\t\t\t\tQuick view\t\t\t\t\t<\/span>\n\t\t\t<\/a>\n\t\t<\/div>\n\t\t\t\t\t\t\t\t<div class=\"wd-wishlist-btn wd-action-btn wd-style-icon wd-wishlist-icon\">\n\t\t\t\t<a class=\"\" href=\"https:\/\/nishane.com\/fr\/wishlist\/\" data-key=\"1a126f0278\" data-product-id=\"9921\" rel=\"nofollow\">\n\t\t\t\t\t<span class=\"wd-action-icon\">\n\t\t\t\t\t\t<span class=\"wd-check-icon\"><\/span>\n\t\t\t\t\t<\/span>\n\t\t\t\t\t<span class=\"wd-action-text\">Add to wishlist<\/span>\n\t\t\t\t<\/a>\n\t\t\t<\/div>\n\t\t\t\t<\/div>\n\n\t\t\t\t\t<div class=\"wd-add-btn wd-add-btn-replace\">\n\t\t\t\t\n\t\t\t\t<a href=\"\/fr\/wp-json\/wp\/v2\/pages\/10094?add-to-cart=9921\" aria-describedby=\"woocommerce_loop_add_to_cart_link_describedby_9921\" data-quantity=\"1\" class=\"button product_type_simple add_to_cart_button ajax_add_to_cart add-to-cart-loop\" data-product_id=\"9921\" data-product_sku=\"\" aria-label=\"Ajouter au panier\u00a0: &ldquo;BRITISH BLACK PEPPER&rdquo;\" rel=\"nofollow\" data-success_message=\"\u00ab\u00a0BRITISH BLACK PEPPER\u00a0\u00bb a \u00e9t\u00e9 ajout\u00e9 \u00e0 votre panier\" role=\"button\"><span class=\"wd-action-icon\"><span class=\"wd-check-icon\"><\/span><\/span><span class=\"wd-action-text\">Ajouter au panier<\/span><\/a>\t<span id=\"woocommerce_loop_add_to_cart_link_describedby_9921\" class=\"screen-reader-text\">\n\t\t\t<\/span>\n\t\t\t\t\t\t\t<\/div>\n\t\t\t<\/div>\n\t\t\t<h3 class=\"wd-entities-title\"><a href=\"https:\/\/nishane.com\/fr\/produit\/british-black-pepper-scented-candle\/\">BRITISH BLACK PEPPER<\/a><\/h3>\n\t\t\t\n\t<span class=\"price\"><span class=\"woocs_price_code\" data-product-id=\"9921\"><span class=\"woocommerce-Price-amount amount\"><bdi>109<span class=\"woocommerce-Price-currencySymbol\">&#36;<\/span><\/bdi><\/span><\/span><\/span>\n\n\t\n\t\n\t\t<\/div>\n<\/div>\n\t\t\t\t\t\t\t\t<div class=\"wd-product wd-col wd-hover-quick product-grid-item product type-product post-9907 status-publish instock product_cat-home-collection product_cat-scented-candle-with-lid product_cat-the-doors-collection has-post-thumbnail taxable shipping-taxable purchasable product-type-simple\" data-loop=\"2\" data-id=\"9907\">\n\t\n<div class=\"wd-product-wrapper product-wrapper\">\n\t<div class=\"wd-product-thumb product-element-top wd-quick-shop\">\n\t\t<a href=\"https:\/\/nishane.com\/fr\/produit\/tunisian-fleur-doranger-scented-candle\/\" class=\"wd-product-img-link product-image-link\" tabindex=\"-1\" aria-label=\"TUNISIAN FLEUR D&#8217;ORANGER\">\n\t\t\t<img loading=\"lazy\" decoding=\"async\" width=\"533\" height=\"800\" src=\"https:\/\/nishane.com\/wp-content\/uploads\/2022\/09\/mum_web-01-533x800.jpg\" class=\"attachment-large size-large\" alt=\"\" srcset=\"https:\/\/nishane.com\/wp-content\/uploads\/2022\/09\/mum_web-01-533x800.jpg 533w, https:\/\/nishane.com\/wp-content\/uploads\/2022\/09\/mum_web-01-200x300.jpg 200w, https:\/\/nishane.com\/wp-content\/uploads\/2022\/09\/mum_web-01-768x1152.jpg 768w, https:\/\/nishane.com\/wp-content\/uploads\/2022\/09\/mum_web-01-1024x1536.jpg 1024w, https:\/\/nishane.com\/wp-content\/uploads\/2022\/09\/mum_web-01-1000x1500.jpg 1000w, https:\/\/nishane.com\/wp-content\/uploads\/2022\/09\/mum_web-01-150x225.jpg 150w, https:\/\/nishane.com\/wp-content\/uploads\/2022\/09\/mum_web-01.jpg 1067w\" sizes=\"auto, (max-width: 533px) 100vw, 533px\" \/>\t\t<\/a>\n\n\t\t\t\t\t<div class=\"wd-product-img-hover hover-img\">\n\t\t\t\t<img loading=\"lazy\" decoding=\"async\" width=\"534\" height=\"800\" src=\"https:\/\/nishane.com\/wp-content\/uploads\/2022\/09\/mum_web-02-534x800.jpg\" class=\"attachment-large size-large\" alt=\"\" srcset=\"https:\/\/nishane.com\/wp-content\/uploads\/2022\/09\/mum_web-02-534x800.jpg 534w, https:\/\/nishane.com\/wp-content\/uploads\/2022\/09\/mum_web-02-200x300.jpg 200w, https:\/\/nishane.com\/wp-content\/uploads\/2022\/09\/mum_web-02-768x1151.jpg 768w, https:\/\/nishane.com\/wp-content\/uploads\/2022\/09\/mum_web-02-1025x1536.jpg 1025w, https:\/\/nishane.com\/wp-content\/uploads\/2022\/09\/mum_web-02-1000x1499.jpg 1000w, https:\/\/nishane.com\/wp-content\/uploads\/2022\/09\/mum_web-02-150x225.jpg 150w, https:\/\/nishane.com\/wp-content\/uploads\/2022\/09\/mum_web-02.jpg 1068w\" sizes=\"auto, (max-width: 534px) 100vw, 534px\" \/>\t\t\t<\/div>\n\t\t\t\t\t<div class=\"wd-buttons wd-pos-r-t\">\n\t\t\t\t\t\t\t\t\t\t\t<div class=\"wd-quick-view-btn wd-quick-view-icon wd-action-btn wd-style-icon\">\n\t\t\t<a\n\t\t\t\thref=\"https:\/\/nishane.com\/fr\/produit\/tunisian-fleur-doranger-scented-candle\/\"\n\t\t\t\tclass=\"open-quick-view\"\n\t\t\t\trel=\"nofollow\"\n\t\t\t\tdata-id=\"9907\"\n\t\t\t\t>\n\t\t\t\t\t<span class=\"wd-action-icon\"><\/span>\n\t\t\t\t\t<span class=\"wd-action-text\">\n\t\t\t\t\t\tQuick view\t\t\t\t\t<\/span>\n\t\t\t<\/a>\n\t\t<\/div>\n\t\t\t\t\t\t\t\t<div class=\"wd-wishlist-btn wd-action-btn wd-style-icon wd-wishlist-icon\">\n\t\t\t\t<a class=\"\" href=\"https:\/\/nishane.com\/fr\/wishlist\/\" data-key=\"1a126f0278\" data-product-id=\"9907\" rel=\"nofollow\">\n\t\t\t\t\t<span class=\"wd-action-icon\">\n\t\t\t\t\t\t<span class=\"wd-check-icon\"><\/span>\n\t\t\t\t\t<\/span>\n\t\t\t\t\t<span class=\"wd-action-text\">Add to wishlist<\/span>\n\t\t\t\t<\/a>\n\t\t\t<\/div>\n\t\t\t\t<\/div>\n\n\t\t\t\t\t<div class=\"wd-add-btn wd-add-btn-replace\">\n\t\t\t\t\n\t\t\t\t<a href=\"\/fr\/wp-json\/wp\/v2\/pages\/10094?add-to-cart=9907\" aria-describedby=\"woocommerce_loop_add_to_cart_link_describedby_9907\" data-quantity=\"1\" class=\"button product_type_simple add_to_cart_button ajax_add_to_cart add-to-cart-loop\" data-product_id=\"9907\" data-product_sku=\"\" aria-label=\"Ajouter au panier\u00a0: &ldquo;TUNISIAN FLEUR D&#039;ORANGER&rdquo;\" rel=\"nofollow\" data-success_message=\"\u00ab\u00a0TUNISIAN FLEUR D&#039;ORANGER\u00a0\u00bb a \u00e9t\u00e9 ajout\u00e9 \u00e0 votre panier\" role=\"button\"><span class=\"wd-action-icon\"><span class=\"wd-check-icon\"><\/span><\/span><span class=\"wd-action-text\">Ajouter au panier<\/span><\/a>\t<span id=\"woocommerce_loop_add_to_cart_link_describedby_9907\" class=\"screen-reader-text\">\n\t\t\t<\/span>\n\t\t\t\t\t\t\t<\/div>\n\t\t\t<\/div>\n\t\t\t<h3 class=\"wd-entities-title\"><a href=\"https:\/\/nishane.com\/fr\/produit\/tunisian-fleur-doranger-scented-candle\/\">TUNISIAN FLEUR D&#8217;ORANGER<\/a><\/h3>\n\t\t\t\n\t<span class=\"price\"><span class=\"woocs_price_code\" data-product-id=\"9907\"><span class=\"woocommerce-Price-amount amount\"><bdi>109<span class=\"woocommerce-Price-currencySymbol\">&#36;<\/span><\/bdi><\/span><\/span><\/span>\n\n\t\n\t\n\t\t<\/div>\n<\/div>\n\t\t\t\t\t\t\t\t<div class=\"wd-product wd-col wd-hover-quick product-grid-item product type-product post-9900 status-publish last instock product_cat-home-collection product_cat-scented-candle-with-lid product_cat-the-doors-collection has-post-thumbnail taxable shipping-taxable purchasable product-type-simple\" data-loop=\"3\" data-id=\"9900\">\n\t\n<div class=\"wd-product-wrapper product-wrapper\">\n\t<div class=\"wd-product-thumb product-element-top wd-quick-shop\">\n\t\t<a href=\"https:\/\/nishane.com\/fr\/produit\/mexican-woods-scented-candle\/\" class=\"wd-product-img-link product-image-link\" tabindex=\"-1\" aria-label=\"MEXICAN WOODS\">\n\t\t\t<img loading=\"lazy\" decoding=\"async\" width=\"533\" height=\"800\" src=\"https:\/\/nishane.com\/wp-content\/uploads\/2022\/09\/mum_web-01-533x800.jpg\" class=\"attachment-large size-large\" alt=\"\" srcset=\"https:\/\/nishane.com\/wp-content\/uploads\/2022\/09\/mum_web-01-533x800.jpg 533w, https:\/\/nishane.com\/wp-content\/uploads\/2022\/09\/mum_web-01-200x300.jpg 200w, https:\/\/nishane.com\/wp-content\/uploads\/2022\/09\/mum_web-01-768x1152.jpg 768w, https:\/\/nishane.com\/wp-content\/uploads\/2022\/09\/mum_web-01-1024x1536.jpg 1024w, https:\/\/nishane.com\/wp-content\/uploads\/2022\/09\/mum_web-01-1000x1500.jpg 1000w, https:\/\/nishane.com\/wp-content\/uploads\/2022\/09\/mum_web-01-150x225.jpg 150w, https:\/\/nishane.com\/wp-content\/uploads\/2022\/09\/mum_web-01.jpg 1067w\" sizes=\"auto, (max-width: 533px) 100vw, 533px\" \/>\t\t<\/a>\n\n\t\t\t\t\t<div class=\"wd-product-img-hover hover-img\">\n\t\t\t\t<img loading=\"lazy\" decoding=\"async\" width=\"534\" height=\"800\" src=\"https:\/\/nishane.com\/wp-content\/uploads\/2022\/09\/mum_web-02-534x800.jpg\" class=\"attachment-large size-large\" alt=\"\" srcset=\"https:\/\/nishane.com\/wp-content\/uploads\/2022\/09\/mum_web-02-534x800.jpg 534w, https:\/\/nishane.com\/wp-content\/uploads\/2022\/09\/mum_web-02-200x300.jpg 200w, https:\/\/nishane.com\/wp-content\/uploads\/2022\/09\/mum_web-02-768x1151.jpg 768w, https:\/\/nishane.com\/wp-content\/uploads\/2022\/09\/mum_web-02-1025x1536.jpg 1025w, https:\/\/nishane.com\/wp-content\/uploads\/2022\/09\/mum_web-02-1000x1499.jpg 1000w, https:\/\/nishane.com\/wp-content\/uploads\/2022\/09\/mum_web-02-150x225.jpg 150w, https:\/\/nishane.com\/wp-content\/uploads\/2022\/09\/mum_web-02.jpg 1068w\" sizes=\"auto, (max-width: 534px) 100vw, 534px\" \/>\t\t\t<\/div>\n\t\t\t\t\t<div class=\"wd-buttons wd-pos-r-t\">\n\t\t\t\t\t\t\t\t\t\t\t<div class=\"wd-quick-view-btn wd-quick-view-icon wd-action-btn wd-style-icon\">\n\t\t\t<a\n\t\t\t\thref=\"https:\/\/nishane.com\/fr\/produit\/mexican-woods-scented-candle\/\"\n\t\t\t\tclass=\"open-quick-view\"\n\t\t\t\trel=\"nofollow\"\n\t\t\t\tdata-id=\"9900\"\n\t\t\t\t>\n\t\t\t\t\t<span class=\"wd-action-icon\"><\/span>\n\t\t\t\t\t<span class=\"wd-action-text\">\n\t\t\t\t\t\tQuick view\t\t\t\t\t<\/span>\n\t\t\t<\/a>\n\t\t<\/div>\n\t\t\t\t\t\t\t\t<div class=\"wd-wishlist-btn wd-action-btn wd-style-icon wd-wishlist-icon\">\n\t\t\t\t<a class=\"\" href=\"https:\/\/nishane.com\/fr\/wishlist\/\" data-key=\"1a126f0278\" data-product-id=\"9900\" rel=\"nofollow\">\n\t\t\t\t\t<span class=\"wd-action-icon\">\n\t\t\t\t\t\t<span class=\"wd-check-icon\"><\/span>\n\t\t\t\t\t<\/span>\n\t\t\t\t\t<span class=\"wd-action-text\">Add to wishlist<\/span>\n\t\t\t\t<\/a>\n\t\t\t<\/div>\n\t\t\t\t<\/div>\n\n\t\t\t\t\t<div class=\"wd-add-btn wd-add-btn-replace\">\n\t\t\t\t\n\t\t\t\t<a href=\"\/fr\/wp-json\/wp\/v2\/pages\/10094?add-to-cart=9900\" aria-describedby=\"woocommerce_loop_add_to_cart_link_describedby_9900\" data-quantity=\"1\" class=\"button product_type_simple add_to_cart_button ajax_add_to_cart add-to-cart-loop\" data-product_id=\"9900\" data-product_sku=\"\" aria-label=\"Ajouter au panier\u00a0: &ldquo;MEXICAN WOODS&rdquo;\" rel=\"nofollow\" data-success_message=\"\u00ab\u00a0MEXICAN WOODS\u00a0\u00bb a \u00e9t\u00e9 ajout\u00e9 \u00e0 votre panier\" role=\"button\"><span class=\"wd-action-icon\"><span class=\"wd-check-icon\"><\/span><\/span><span class=\"wd-action-text\">Ajouter au panier<\/span><\/a>\t<span id=\"woocommerce_loop_add_to_cart_link_describedby_9900\" class=\"screen-reader-text\">\n\t\t\t<\/span>\n\t\t\t\t\t\t\t<\/div>\n\t\t\t<\/div>\n\t\t\t<h3 class=\"wd-entities-title\"><a href=\"https:\/\/nishane.com\/fr\/produit\/mexican-woods-scented-candle\/\">MEXICAN WOODS<\/a><\/h3>\n\t\t\t\n\t<span class=\"price\"><span class=\"woocs_price_code\" data-product-id=\"9900\"><span class=\"woocommerce-Price-amount amount\"><bdi>109<span class=\"woocommerce-Price-currencySymbol\">&#36;<\/span><\/bdi><\/span><\/span><\/span>\n\n\t\n\t\n\t\t<\/div>\n<\/div>\n\t\t\n\t\t\t\t<\/div>\n\t\n\t\t\n\t\t\n\t\t\t\t\t<\/div>\n\t\t\n\t\t\t\t\t\t<\/div>\n\t\t\t\t<\/div>\n\t\t\t\t\t<\/div>\n\t\t<\/div>\n\t\t\t\t\t<\/div>\n\t\t<\/section>\n\t\t\t\t<\/div>\n\t\t","protected":false},"excerpt":{"rendered":"<p>Quick view Add to wishlist Add to cart BRITISH BLACK PEPPER Scented Candle 99&#36; Quick view Add to wishlist Add<\/p>","protected":false},"author":1,"featured_media":0,"parent":0,"menu_order":0,"comment_status":"closed","ping_status":"closed","template":"","meta":{"footnotes":""},"class_list":["post-10094","page","type-page","status-publish","hentry"],"_links":{"self":[{"href":"https:\/\/nishane.com\/fr\/wp-json\/wp\/v2\/pages\/10094","targetHints":{"allow":["GET"]}}],"collection":[{"href":"https:\/\/nishane.com\/fr\/wp-json\/wp\/v2\/pages"}],"about":[{"href":"https:\/\/nishane.com\/fr\/wp-json\/wp\/v2\/types\/page"}],"author":[{"embeddable":true,"href":"https:\/\/nishane.com\/fr\/wp-json\/wp\/v2\/users\/1"}],"replies":[{"embeddable":true,"href":"https:\/\/nishane.com\/fr\/wp-json\/wp\/v2\/comments?post=10094"}],"version-history":[{"count":4,"href":"https:\/\/nishane.com\/fr\/wp-json\/wp\/v2\/pages\/10094\/revisions"}],"predecessor-version":[{"id":10103,"href":"https:\/\/nishane.com\/fr\/wp-json\/wp\/v2\/pages\/10094\/revisions\/10103"}],"wp:attachment":[{"href":"https:\/\/nishane.com\/fr\/wp-json\/wp\/v2\/media?parent=10094"}],"curies":[{"name":"wp","href":"https:\/\/api.w.org\/{rel}","templated":true}]}}